{"id":1876,"date":"2026-02-18T17:50:08","date_gmt":"2026-02-18T17:50:08","guid":{"rendered":"https:\/\/lightskyblue-grasshopper-667170.hostingersite.com\/?page_id=1876"},"modified":"2026-04-15T08:36:26","modified_gmt":"2026-04-15T08:36:26","slug":"umsamal","status":"publish","type":"page","link":"https:\/\/samal.is\/en\/umsamal\/","title":{"rendered":"Um Sam\u00e1l"},"content":{"rendered":"<div data-elementor-type=\"wp-page\" data-elementor-id=\"1876\" class=\"elementor elementor-1876\" data-elementor-post-type=\"page\">\n\t\t\t\t<div class=\"elementor-element elementor-element-7a7534f e-flex e-con-boxed e-con e-parent\" data-id=\"7a7534f\" data-element_type=\"container\" data-e-type=\"container\">\n\t\t\t\t\t<div class=\"e-con-inner\">\n\t\t\t\t\t<\/div>\n\t\t\t\t<\/div>\n\t\t<div class=\"elementor-element elementor-element-5023b7a e-flex e-con-boxed e-con e-parent\" data-id=\"5023b7a\" data-element_type=\"container\" data-e-type=\"container\">\n\t\t\t\t\t<div class=\"e-con-inner\">\n\t\t\t\t<div class=\"elementor-element elementor-element-df4d39a elementor-widget elementor-widget-text-editor\" data-id=\"df4d39a\" data-element_type=\"widget\" data-e-type=\"widget\" data-widget_type=\"text-editor.default\">\n\t\t\t\t\t\t\t\t\t<h3><strong><span style=\"color: #ea5b0a;\">Um Sam\u00e1l<\/span><\/strong><\/h3><p><span style=\"color: #00385b;\">Samt\u00f6k \u00e1lframlei\u00f0enda \u00e1 \u00cdslandi (Sam\u00e1l) eru hagsmunasamt\u00f6k \u00e1lfyrirt\u00e6kja \u00e1 \u00cdslandi, stofnu\u00f0 \u00feann 7. j\u00fal\u00ed 2010.<\/span><\/p><p><span style=\"color: #00385b;\">Markmi\u00f0 samtakanna er a\u00f0 vinna a\u00f0 hagsmunum og fram\u00fer\u00f3un \u00edslensks \u00e1li\u00f0na\u00f0ar og efla uppl\u00fdsingastreymi og fr\u00e6\u00f0slu um \u00e1li\u00f0na\u00f0inn.<\/span><\/p><p><span style=\"color: #00385b;\">A\u00f0ilar a\u00f0 Samt\u00f6kum \u00e1lframlei\u00f0enda geta or\u00f0i\u00f0 allir \u00edslenskir \u00e1lframlei\u00f0endur. F\u00e9lagsmenn \u00feurfa jafnframt a\u00f0 vera a\u00f0ilar a\u00f0 Samt\u00f6kum i\u00f0na\u00f0arins. Stofnf\u00e9lagar Sam\u00e1ls eru \u00ferj\u00fa \u00e1lframlei\u00f0slufyrirt\u00e6ki; Rio Tinto \u00e1 \u00cdslandi hf, Nor\u00f0ur\u00e1l ehf. og Alcoa Fjar\u00f0a\u00e1l sf.<\/span><\/p><p><span style=\"color: #00385b;\">Stj\u00f3rn Sam\u00e1ls er skipu\u00f0 fulltr\u00faum fr\u00e1 \u00e1lverunum \u00feremur, \u00e1samt varam\u00f6nnum.<\/span><\/p>\t\t\t\t\t\t\t\t<\/div>\n\t\t\t\t\t<\/div>\n\t\t\t\t<\/div>\n\t\t<div class=\"elementor-element elementor-element-edacef3 e-flex e-con-boxed e-con e-parent\" data-id=\"edacef3\" data-element_type=\"container\" data-e-type=\"container\">\n\t\t\t\t\t<div class=\"e-con-inner\">\n\t\t\t\t<div class=\"elementor-element elementor-element-1f3c391 elementor-widget elementor-widget-gallery\" data-id=\"1f3c391\" data-element_type=\"widget\" data-e-type=\"widget\" data-settings=\"{&quot;lazyload&quot;:&quot;yes&quot;,&quot;gallery_layout&quot;:&quot;grid&quot;,&quot;columns&quot;:4,&quot;columns_tablet&quot;:2,&quot;columns_mobile&quot;:1,&quot;gap&quot;:{&quot;unit&quot;:&quot;px&quot;,&quot;size&quot;:10,&quot;sizes&quot;:[]},&quot;gap_tablet&quot;:{&quot;unit&quot;:&quot;px&quot;,&quot;size&quot;:10,&quot;sizes&quot;:[]},&quot;gap_mobile&quot;:{&quot;unit&quot;:&quot;px&quot;,&quot;size&quot;:10,&quot;sizes&quot;:[]},&quot;link_to&quot;:&quot;file&quot;,&quot;aspect_ratio&quot;:&quot;3:2&quot;,&quot;overlay_background&quot;:&quot;yes&quot;,&quot;content_hover_animation&quot;:&quot;fade-in&quot;}\" data-widget_type=\"gallery.default\">\n\t\t\t\t\t\t\t<div class=\"elementor-gallery__container\">\n\t\t\t\t\t\t\t<a class=\"e-gallery-item elementor-gallery-item elementor-animated-content\" href=\"https:\/\/samal.is\/wp-content\/uploads\/2025\/12\/samal_arsfundur_2025-47-scaled.jpg\" data-elementor-open-lightbox=\"yes\" data-elementor-lightbox-slideshow=\"1f3c391\" data-elementor-lightbox-title=\"samal_arsfundur_2025-47\" data-e-action-hash=\"#elementor-action%3Aaction%3Dlightbox%26settings%3DeyJpZCI6MTgyMSwidXJsIjoiaHR0cHM6XC9cL3NhbWFsLmlzXC93cC1jb250ZW50XC91cGxvYWRzXC8yMDI1XC8xMlwvc2FtYWxfYXJzZnVuZHVyXzIwMjUtNDctc2NhbGVkLmpwZyIsInNsaWRlc2hvdyI6IjFmM2MzOTEifQ%3D%3D\">\n\t\t\t\t\t<div class=\"e-gallery-image elementor-gallery-item__image\" data-thumbnail=\"https:\/\/samal.is\/wp-content\/uploads\/2025\/12\/samal_arsfundur_2025-47-300x200.jpg\" data-width=\"300\" data-height=\"200\" aria-label=\"\" role=\"img\" ><\/div>\n\t\t\t\t\t\t\t\t\t\t\t<div class=\"elementor-gallery-item__overlay\"><\/div>\n\t\t\t\t\t\t\t\t\t\t\t\t\t\t<\/a>\n\t\t\t\t\t\t\t<a class=\"e-gallery-item elementor-gallery-item elementor-animated-content\" href=\"https:\/\/samal.is\/wp-content\/uploads\/2026\/02\/samal_arsfundur_2025-20-scaled.jpg\" data-elementor-open-lightbox=\"yes\" data-elementor-lightbox-slideshow=\"1f3c391\" data-elementor-lightbox-title=\"samal_arsfundur_2025-20\" data-e-action-hash=\"#elementor-action%3Aaction%3Dlightbox%26settings%3DeyJpZCI6MTg4NiwidXJsIjoiaHR0cHM6XC9cL3NhbWFsLmlzXC93cC1jb250ZW50XC91cGxvYWRzXC8yMDI2XC8wMlwvc2FtYWxfYXJzZnVuZHVyXzIwMjUtMjAtc2NhbGVkLmpwZyIsInNsaWRlc2hvdyI6IjFmM2MzOTEifQ%3D%3D\">\n\t\t\t\t\t<div class=\"e-gallery-image elementor-gallery-item__image\" data-thumbnail=\"https:\/\/samal.is\/wp-content\/uploads\/2026\/02\/samal_arsfundur_2025-20-300x200.jpg\" data-width=\"300\" data-height=\"200\" aria-label=\"\" role=\"img\" ><\/div>\n\t\t\t\t\t\t\t\t\t\t\t<div class=\"elementor-gallery-item__overlay\"><\/div>\n\t\t\t\t\t\t\t\t\t\t\t\t\t\t<\/a>\n\t\t\t\t\t\t\t<a class=\"e-gallery-item elementor-gallery-item elementor-animated-content\" href=\"https:\/\/samal.is\/wp-content\/uploads\/2026\/02\/samal_arsfundur_2025-36-scaled.jpg\" data-elementor-open-lightbox=\"yes\" data-elementor-lightbox-slideshow=\"1f3c391\" data-elementor-lightbox-title=\"samal_arsfundur_2025-36\" data-e-action-hash=\"#elementor-action%3Aaction%3Dlightbox%26settings%3DeyJpZCI6MTg4NywidXJsIjoiaHR0cHM6XC9cL3NhbWFsLmlzXC93cC1jb250ZW50XC91cGxvYWRzXC8yMDI2XC8wMlwvc2FtYWxfYXJzZnVuZHVyXzIwMjUtMzYtc2NhbGVkLmpwZyIsInNsaWRlc2hvdyI6IjFmM2MzOTEifQ%3D%3D\">\n\t\t\t\t\t<div class=\"e-gallery-image elementor-gallery-item__image\" data-thumbnail=\"https:\/\/samal.is\/wp-content\/uploads\/2026\/02\/samal_arsfundur_2025-36-300x200.jpg\" data-width=\"300\" data-height=\"200\" aria-label=\"\" role=\"img\" ><\/div>\n\t\t\t\t\t\t\t\t\t\t\t<div class=\"elementor-gallery-item__overlay\"><\/div>\n\t\t\t\t\t\t\t\t\t\t\t\t\t\t<\/a>\n\t\t\t\t\t\t\t<a class=\"e-gallery-item elementor-gallery-item elementor-animated-content\" href=\"https:\/\/samal.is\/wp-content\/uploads\/2026\/02\/Hlodver-Hlodversson-scaled.jpg\" data-elementor-open-lightbox=\"yes\" data-elementor-lightbox-slideshow=\"1f3c391\" data-elementor-lightbox-title=\"Hl\u00f6\u00f0ver Hl\u00f6\u00f0versson\" data-e-action-hash=\"#elementor-action%3Aaction%3Dlightbox%26settings%3DeyJpZCI6MTg4OCwidXJsIjoiaHR0cHM6XC9cL3NhbWFsLmlzXC93cC1jb250ZW50XC91cGxvYWRzXC8yMDI2XC8wMlwvSGxvZHZlci1IbG9kdmVyc3Nvbi1zY2FsZWQuanBnIiwic2xpZGVzaG93IjoiMWYzYzM5MSJ9\">\n\t\t\t\t\t<div class=\"e-gallery-image elementor-gallery-item__image\" data-thumbnail=\"https:\/\/samal.is\/wp-content\/uploads\/2026\/02\/Hlodver-Hlodversson-300x200.jpg\" data-width=\"300\" data-height=\"200\" aria-label=\"\" role=\"img\" ><\/div>\n\t\t\t\t\t\t\t\t\t\t\t<div class=\"elementor-gallery-item__overlay\"><\/div>\n\t\t\t\t\t\t\t\t\t\t\t\t\t\t<\/a>\n\t\t\t\t\t\t\t<a class=\"e-gallery-item elementor-gallery-item elementor-animated-content\" href=\"https:\/\/samal.is\/wp-content\/uploads\/2026\/02\/samal_arsfundur_2025-23-scaled.jpg\" data-elementor-open-lightbox=\"yes\" data-elementor-lightbox-slideshow=\"1f3c391\" data-elementor-lightbox-title=\"samal_arsfundur_2025-23\" data-e-action-hash=\"#elementor-action%3Aaction%3Dlightbox%26settings%3DeyJpZCI6MTg4OSwidXJsIjoiaHR0cHM6XC9cL3NhbWFsLmlzXC93cC1jb250ZW50XC91cGxvYWRzXC8yMDI2XC8wMlwvc2FtYWxfYXJzZnVuZHVyXzIwMjUtMjMtc2NhbGVkLmpwZyIsInNsaWRlc2hvdyI6IjFmM2MzOTEifQ%3D%3D\">\n\t\t\t\t\t<div class=\"e-gallery-image elementor-gallery-item__image\" data-thumbnail=\"https:\/\/samal.is\/wp-content\/uploads\/2026\/02\/samal_arsfundur_2025-23-300x200.jpg\" data-width=\"300\" data-height=\"200\" aria-label=\"\" role=\"img\" ><\/div>\n\t\t\t\t\t\t\t\t\t\t\t<div class=\"elementor-gallery-item__overlay\"><\/div>\n\t\t\t\t\t\t\t\t\t\t\t\t\t\t<\/a>\n\t\t\t\t\t\t\t<a class=\"e-gallery-item elementor-gallery-item elementor-animated-content\" href=\"https:\/\/samal.is\/wp-content\/uploads\/2026\/02\/samal_arsfundur_2025-5-scaled.jpg\" data-elementor-open-lightbox=\"yes\" data-elementor-lightbox-slideshow=\"1f3c391\" data-elementor-lightbox-title=\"samal_arsfundur_2025-5\" data-e-action-hash=\"#elementor-action%3Aaction%3Dlightbox%26settings%3DeyJpZCI6MTg5MCwidXJsIjoiaHR0cHM6XC9cL3NhbWFsLmlzXC93cC1jb250ZW50XC91cGxvYWRzXC8yMDI2XC8wMlwvc2FtYWxfYXJzZnVuZHVyXzIwMjUtNS1zY2FsZWQuanBnIiwic2xpZGVzaG93IjoiMWYzYzM5MSJ9\">\n\t\t\t\t\t<div class=\"e-gallery-image elementor-gallery-item__image\" data-thumbnail=\"https:\/\/samal.is\/wp-content\/uploads\/2026\/02\/samal_arsfundur_2025-5-300x200.jpg\" data-width=\"300\" data-height=\"200\" aria-label=\"\" role=\"img\" ><\/div>\n\t\t\t\t\t\t\t\t\t\t\t<div class=\"elementor-gallery-item__overlay\"><\/div>\n\t\t\t\t\t\t\t\t\t\t\t\t\t\t<\/a>\n\t\t\t\t\t\t\t<a class=\"e-gallery-item elementor-gallery-item elementor-animated-content\" href=\"https:\/\/samal.is\/wp-content\/uploads\/2026\/02\/Solveig-Kr.-Bergmann-scaled.jpg\" data-elementor-open-lightbox=\"yes\" data-elementor-lightbox-slideshow=\"1f3c391\" data-elementor-lightbox-title=\"S\u00f3lveig Kr. Bergmann\" data-e-action-hash=\"#elementor-action%3Aaction%3Dlightbox%26settings%3DeyJpZCI6MTg5MSwidXJsIjoiaHR0cHM6XC9cL3NhbWFsLmlzXC93cC1jb250ZW50XC91cGxvYWRzXC8yMDI2XC8wMlwvU29sdmVpZy1Lci4tQmVyZ21hbm4tc2NhbGVkLmpwZyIsInNsaWRlc2hvdyI6IjFmM2MzOTEifQ%3D%3D\">\n\t\t\t\t\t<div class=\"e-gallery-image elementor-gallery-item__image\" data-thumbnail=\"https:\/\/samal.is\/wp-content\/uploads\/2026\/02\/Solveig-Kr.-Bergmann-300x200.jpg\" data-width=\"300\" data-height=\"200\" aria-label=\"\" role=\"img\" ><\/div>\n\t\t\t\t\t\t\t\t\t\t\t<div class=\"elementor-gallery-item__overlay\"><\/div>\n\t\t\t\t\t\t\t\t\t\t\t\t\t\t<\/a>\n\t\t\t\t\t\t\t<a class=\"e-gallery-item elementor-gallery-item elementor-animated-content\" href=\"https:\/\/samal.is\/wp-content\/uploads\/2026\/02\/samal_arsfundur_2024_kokteill-5-scaled.jpg\" data-elementor-open-lightbox=\"yes\" data-elementor-lightbox-slideshow=\"1f3c391\" data-elementor-lightbox-title=\"samal_arsfundur_2024_kokteill-5\" data-e-action-hash=\"#elementor-action%3Aaction%3Dlightbox%26settings%3DeyJpZCI6MTg5MiwidXJsIjoiaHR0cHM6XC9cL3NhbWFsLmlzXC93cC1jb250ZW50XC91cGxvYWRzXC8yMDI2XC8wMlwvc2FtYWxfYXJzZnVuZHVyXzIwMjRfa29rdGVpbGwtNS1zY2FsZWQuanBnIiwic2xpZGVzaG93IjoiMWYzYzM5MSJ9\">\n\t\t\t\t\t<div class=\"e-gallery-image elementor-gallery-item__image\" data-thumbnail=\"https:\/\/samal.is\/wp-content\/uploads\/2026\/02\/samal_arsfundur_2024_kokteill-5-300x200.jpg\" data-width=\"300\" data-height=\"200\" aria-label=\"\" role=\"img\" ><\/div>\n\t\t\t\t\t\t\t\t\t\t\t<div class=\"elementor-gallery-item__overlay\"><\/div>\n\t\t\t\t\t\t\t\t\t\t\t\t\t\t<\/a>\n\t\t\t\t\t\t\t<a class=\"e-gallery-item elementor-gallery-item elementor-animated-content\" href=\"https:\/\/samal.is\/wp-content\/uploads\/2026\/02\/samal_arsfundur_2024_kokteill-7-scaled.jpg\" data-elementor-open-lightbox=\"yes\" data-elementor-lightbox-slideshow=\"1f3c391\" data-elementor-lightbox-title=\"samal_arsfundur_2024_kokteill-7\" data-e-action-hash=\"#elementor-action%3Aaction%3Dlightbox%26settings%3DeyJpZCI6MTg5MywidXJsIjoiaHR0cHM6XC9cL3NhbWFsLmlzXC93cC1jb250ZW50XC91cGxvYWRzXC8yMDI2XC8wMlwvc2FtYWxfYXJzZnVuZHVyXzIwMjRfa29rdGVpbGwtNy1zY2FsZWQuanBnIiwic2xpZGVzaG93IjoiMWYzYzM5MSJ9\">\n\t\t\t\t\t<div class=\"e-gallery-image elementor-gallery-item__image\" data-thumbnail=\"https:\/\/samal.is\/wp-content\/uploads\/2026\/02\/samal_arsfundur_2024_kokteill-7-300x200.jpg\" data-width=\"300\" data-height=\"200\" aria-label=\"\" role=\"img\" ><\/div>\n\t\t\t\t\t\t\t\t\t\t\t<div class=\"elementor-gallery-item__overlay\"><\/div>\n\t\t\t\t\t\t\t\t\t\t\t\t\t\t<\/a>\n\t\t\t\t\t\t\t<a class=\"e-gallery-item elementor-gallery-item elementor-animated-content\" href=\"https:\/\/samal.is\/wp-content\/uploads\/2026\/02\/samal_arsfundur_2024_kokteill-3-scaled.jpg\" data-elementor-open-lightbox=\"yes\" data-elementor-lightbox-slideshow=\"1f3c391\" data-elementor-lightbox-title=\"samal_arsfundur_2024_kokteill-3\" data-e-action-hash=\"#elementor-action%3Aaction%3Dlightbox%26settings%3DeyJpZCI6MTg5NCwidXJsIjoiaHR0cHM6XC9cL3NhbWFsLmlzXC93cC1jb250ZW50XC91cGxvYWRzXC8yMDI2XC8wMlwvc2FtYWxfYXJzZnVuZHVyXzIwMjRfa29rdGVpbGwtMy1zY2FsZWQuanBnIiwic2xpZGVzaG93IjoiMWYzYzM5MSJ9\">\n\t\t\t\t\t<div class=\"e-gallery-image elementor-gallery-item__image\" data-thumbnail=\"https:\/\/samal.is\/wp-content\/uploads\/2026\/02\/samal_arsfundur_2024_kokteill-3-300x200.jpg\" data-width=\"300\" data-height=\"200\" aria-label=\"\" role=\"img\" ><\/div>\n\t\t\t\t\t\t\t\t\t\t\t<div class=\"elementor-gallery-item__overlay\"><\/div>\n\t\t\t\t\t\t\t\t\t\t\t\t\t\t<\/a>\n\t\t\t\t\t\t\t<a class=\"e-gallery-item elementor-gallery-item elementor-animated-content\" href=\"https:\/\/samal.is\/wp-content\/uploads\/2026\/02\/samal_arsfundur_2024_kokteill-1-scaled.jpg\" data-elementor-open-lightbox=\"yes\" data-elementor-lightbox-slideshow=\"1f3c391\" data-elementor-lightbox-title=\"samal_arsfundur_2024_kokteill-1\" data-e-action-hash=\"#elementor-action%3Aaction%3Dlightbox%26settings%3DeyJpZCI6MTg5NSwidXJsIjoiaHR0cHM6XC9cL3NhbWFsLmlzXC93cC1jb250ZW50XC91cGxvYWRzXC8yMDI2XC8wMlwvc2FtYWxfYXJzZnVuZHVyXzIwMjRfa29rdGVpbGwtMS1zY2FsZWQuanBnIiwic2xpZGVzaG93IjoiMWYzYzM5MSJ9\">\n\t\t\t\t\t<div class=\"e-gallery-image elementor-gallery-item__image\" data-thumbnail=\"https:\/\/samal.is\/wp-content\/uploads\/2026\/02\/samal_arsfundur_2024_kokteill-1-300x200.jpg\" data-width=\"300\" data-height=\"200\" aria-label=\"\" role=\"img\" ><\/div>\n\t\t\t\t\t\t\t\t\t\t\t<div class=\"elementor-gallery-item__overlay\"><\/div>\n\t\t\t\t\t\t\t\t\t\t\t\t\t\t<\/a>\n\t\t\t\t\t\t\t<a class=\"e-gallery-item elementor-gallery-item elementor-animated-content\" href=\"https:\/\/samal.is\/wp-content\/uploads\/2026\/02\/samal_arsfundur_2024-40-scaled.jpg\" data-elementor-open-lightbox=\"yes\" data-elementor-lightbox-slideshow=\"1f3c391\" data-elementor-lightbox-title=\"samal_arsfundur_2024-40\" data-e-action-hash=\"#elementor-action%3Aaction%3Dlightbox%26settings%3DeyJpZCI6MTg5NiwidXJsIjoiaHR0cHM6XC9cL3NhbWFsLmlzXC93cC1jb250ZW50XC91cGxvYWRzXC8yMDI2XC8wMlwvc2FtYWxfYXJzZnVuZHVyXzIwMjQtNDAtc2NhbGVkLmpwZyIsInNsaWRlc2hvdyI6IjFmM2MzOTEifQ%3D%3D\">\n\t\t\t\t\t<div class=\"e-gallery-image elementor-gallery-item__image\" data-thumbnail=\"https:\/\/samal.is\/wp-content\/uploads\/2026\/02\/samal_arsfundur_2024-40-300x200.jpg\" data-width=\"300\" data-height=\"200\" aria-label=\"\" role=\"img\" ><\/div>\n\t\t\t\t\t\t\t\t\t\t\t<div class=\"elementor-gallery-item__overlay\"><\/div>\n\t\t\t\t\t\t\t\t\t\t\t\t\t\t<\/a>\n\t\t\t\t\t<\/div>\n\t\t\t\t\t<\/div>\n\t\t\t\t\t<\/div>\n\t\t\t\t<\/div>\n\t\t<div class=\"elementor-element elementor-element-07d9241 e-flex e-con-boxed e-con e-parent\" data-id=\"07d9241\" data-element_type=\"container\" data-e-type=\"container\">\n\t\t\t\t\t<div class=\"e-con-inner\">\n\t\t\t\t<div class=\"elementor-element elementor-element-3208712 elementor-widget elementor-widget-text-editor\" data-id=\"3208712\" data-element_type=\"widget\" data-e-type=\"widget\" data-widget_type=\"text-editor.default\">\n\t\t\t\t\t\t\t\t\t<h3><strong><span style=\"color: #ea5b0a;\">Stj\u00f3rn Sam\u00e1ls starfs\u00e1ri\u00f0 2026 &#8211; 2027<\/span><\/strong><\/h3>\n<table width=\"100%\">\n<tbody>\n<tr>\n<td width=\"29%\">&nbsp;<\/td>\n<td width=\"29%\">\n<p><strong><span style=\"color: #00385b;\">Rio Tinto \u00e1 \u00cdslandi<\/span><\/strong><\/p>\n<\/td>\n<td width=\"20%\">\n<p><strong><span style=\"color: #00385b;\">Nor\u00f0ur\u00e1l<\/span><\/strong><\/p>\n<\/td>\n<td width=\"20%\">\n<p><strong><span style=\"color: #00385b;\">Fj\u00e1r\u00f0a\u00e1l<\/span><\/strong><\/p>\n<\/td>\n<\/tr>\n<tr>\n<td width=\"29%\">\n<p><span style=\"color: #00385b;\">A\u00f0alma\u00f0ur<\/span><\/p>\n<\/td>\n<td width=\"29%\">\n<p><font color=\"#00385b\">Sunna Bj\u00f6rg Helgad\u00f3ttir<\/font><\/p>\n<\/td>\n<td width=\"20%\">\n<p><span style=\"color: #00385b;\">Sigr\u00fan Helgad\u00f3ttir<\/span><\/p>\n<\/td>\n<td width=\"20%\">\n<p><span style=\"color: #00385b;\">Hl\u00f6\u00f0ver Hl\u00f6\u00f0versson<\/span><\/p>\n<\/td>\n<\/tr>\n<tr>\n<td width=\"29%\">\n<p><span style=\"color: #00385b;\">Varama\u00f0ur<\/span><\/p>\n<\/td>\n<td width=\"29%\">\n<p><span style=\"color: #00385b;\">Bjarni M\u00e1r Gylfason<\/span><\/p>\n<\/td>\n<td width=\"20%\">\n<p><span style=\"color: #00385b;\">S\u00f3lveig Kr. Bergmann<\/span><\/p>\n<\/td>\n<td width=\"20%\">\n<p><span style=\"color: #00385b;\">Vigd\u00eds Dilj\u00e1 \u00d3skarsd\u00f3ttir<\/span><\/p>\n<\/td>\n<\/tr>\n<\/tbody>\n<\/table>\n<p><span style=\"color: #00385b;\">Starfs\u00e1ri\u00f0 2026 til 2027 er<strong><span style=\"color: #ea5b0a;\">&nbsp;Sigr\u00fan Helgad\u00f3ttir forma\u00f0ur stj\u00f3rnar<\/span><\/strong><\/span><\/p>\n<p><span style=\"color: #00385b;\">Framkv\u00e6mdastj\u00f3ri Sam\u00e1ls er:&nbsp;<\/span><\/p>\n<p><span style=\"color: #00385b;\">Gu\u00f0r\u00ed\u00f0ur Eldey Arnard\u00f3ttir<\/span><\/p>\n<p><span style=\"color: #00385b;\">Netfang:&nbsp;<a style=\"color: #00385b;\" href=\"mailto:pebl@samal.is\">gudridur@samal.is<\/a><\/span><\/p>\n<p><span style=\"color: #00385b;\">S\u00edmi: 820-0766<\/span><\/p>\n<p><span style=\"color: #00385b;\"><span style=\"font-size: 1rem;\">Sam\u00e1l hefur a\u00f0setur hj\u00e1 Samt\u00f6kum i\u00f0na\u00f0arins \u00ed H\u00fasi atvinnul\u00edfsins, Borgart\u00fani 35 \u00ed Reykjav\u00edk.<\/span><\/span><\/p>\t\t\t\t\t\t\t\t<\/div>\n\t\t\t\t\t<\/div>\n\t\t\t\t<\/div>\n\t\t<div class=\"elementor-element elementor-element-191afc6 e-flex e-con-boxed e-con e-parent\" data-id=\"191afc6\" data-element_type=\"container\" data-e-type=\"container\">\n\t\t\t\t\t<div class=\"e-con-inner\">\n\t\t\t\t<div class=\"elementor-element elementor-element-a5e5c71 elementor-align-center elementor-widget elementor-widget-button\" data-id=\"a5e5c71\" data-element_type=\"widget\" data-e-type=\"widget\" data-widget_type=\"button.default\">\n\t\t\t\t\t\t\t\t\t\t<a class=\"elementor-button elementor-button-link elementor-size-sm\" href=\"https:\/\/lightskyblue-grasshopper-667170.hostingersite.com\/wp-content\/uploads\/2026\/02\/Samthykktir-Samals.pdf\" target=\"_blank\">\n\t\t\t\t\t\t<span class=\"elementor-button-content-wrapper\">\n\t\t\t\t\t\t\t\t\t<span class=\"elementor-button-text\">Sam\u00feykktir Sam\u00e1ls<\/span>\n\t\t\t\t\t<\/span>\n\t\t\t\t\t<\/a>\n\t\t\t\t\t\t\t\t<\/div>\n\t\t\t\t<div class=\"elementor-element elementor-element-6cd704c elementor-align-center elementor-widget elementor-widget-button\" data-id=\"6cd704c\" data-element_type=\"widget\" data-e-type=\"widget\" data-widget_type=\"button.default\">\n\t\t\t\t\t\t\t\t\t\t<a class=\"elementor-button elementor-button-link elementor-size-sm\" href=\"https:\/\/lightskyblue-grasshopper-667170.hostingersite.com\/wp-content\/uploads\/2026\/02\/Sidareglur-Samals.pdf\" target=\"_blank\">\n\t\t\t\t\t\t<span class=\"elementor-button-content-wrapper\">\n\t\t\t\t\t\t\t\t\t<span class=\"elementor-button-text\">Si\u00f0areglur Sam\u00e1ls<\/span>\n\t\t\t\t\t<\/span>\n\t\t\t\t\t<\/a>\n\t\t\t\t\t\t\t\t<\/div>\n\t\t\t\t\t<\/div>\n\t\t\t\t<\/div>\n\t\t\t\t<\/div>","protected":false},"excerpt":{"rendered":"<p>Um Sam\u00e1l Samt\u00f6k \u00e1lframlei\u00f0enda \u00e1 \u00cdslandi (Sam\u00e1l) eru hagsmunasamt\u00f6k \u00e1lfyrirt\u00e6kja \u00e1 \u00cdslandi, stofnu\u00f0 \u00feann 7. j\u00fal\u00ed 2010. Markmi\u00f0 samtakanna er a\u00f0 vinna a\u00f0 hagsmunum og fram\u00fer\u00f3un \u00edslensks \u00e1li\u00f0na\u00f0ar og efla uppl\u00fdsingastreymi og fr\u00e6\u00f0slu um \u00e1li\u00f0na\u00f0inn. A\u00f0ilar a\u00f0 Samt\u00f6kum \u00e1lframlei\u00f0enda geta or\u00f0i\u00f0 allir \u00edslenskir \u00e1lframlei\u00f0endur. F\u00e9lagsmenn \u00feurfa jafnframt a\u00f0 vera a\u00f0ilar a\u00f0 Samt\u00f6kum i\u00f0na\u00f0arins. Stofnf\u00e9lagar Sam\u00e1ls [&hellip;]<\/p>","protected":false},"author":1,"featured_media":0,"parent":0,"menu_order":0,"comment_status":"closed","ping_status":"closed","template":"","meta":{"site-sidebar-layout":"no-sidebar","site-content-layout":"page-builder","ast-site-content-layout":"full-width-container","site-content-style":"default","site-sidebar-style":"default","ast-global-header-display":"","ast-banner-title-visibility":"","ast-main-header-display":"","ast-hfb-above-header-display":"","ast-hfb-below-header-display":"","ast-hfb-mobile-header-display":"","site-post-title":"disabled","ast-breadcrumbs-content":"","ast-featured-img":"disabled","footer-sml-layout":"","ast-disable-related-posts":"","theme-transparent-header-meta":"","adv-header-id-meta":"","stick-header-meta":"","header-above-stick-meta":"","header-main-stick-meta":"","header-below-stick-meta":"","astra-migrate-meta-layouts":"set","ast-page-background-enabled":"default","ast-page-background-meta":{"desktop":{"background-color":"","background-image":"","background-repeat":"repeat","background-position":"center center","background-size":"auto","background-attachment":"scroll","background-type":"","background-media":"","overlay-type":"","overlay-color":"","overlay-opacity":"","overlay-gradient":""},"tablet":{"background-color":"","background-image":"","background-repeat":"repeat","background-position":"center center","background-size":"auto","background-attachment":"scroll","background-type":"","background-media":"","overlay-type":"","overlay-color":"","overlay-opacity":"","overlay-gradient":""},"mobile":{"background-color":"","background-image":"","background-repeat":"repeat","background-position":"center center","background-size":"auto","background-attachment":"scroll","background-type":"","background-media":"","overlay-type":"","overlay-color":"","overlay-opacity":"","overlay-gradient":""}},"ast-content-background-meta":{"desktop":{"background-color":"var(--ast-global-color-5)","background-image":"","background-repeat":"repeat","background-position":"center center","background-size":"auto","background-attachment":"scroll","background-type":"","background-media":"","overlay-type":"","overlay-color":"","overlay-opacity":"","overlay-gradient":""},"tablet":{"background-color":"var(--ast-global-color-5)","background-image":"","background-repeat":"repeat","background-position":"center center","background-size":"auto","background-attachment":"scroll","background-type":"","background-media":"","overlay-type":"","overlay-color":"","overlay-opacity":"","overlay-gradient":""},"mobile":{"background-color":"var(--ast-global-color-5)","background-image":"","background-repeat":"repeat","background-position":"center center","background-size":"auto","background-attachment":"scroll","background-type":"","background-media":"","overlay-type":"","overlay-color":"","overlay-opacity":"","overlay-gradient":""}},"footnotes":""},"class_list":["post-1876","page","type-page","status-publish","hentry"],"_links":{"self":[{"href":"https:\/\/samal.is\/en\/wp-json\/wp\/v2\/pages\/1876","targetHints":{"allow":["GET"]}}],"collection":[{"href":"https:\/\/samal.is\/en\/wp-json\/wp\/v2\/pages"}],"about":[{"href":"https:\/\/samal.is\/en\/wp-json\/wp\/v2\/types\/page"}],"author":[{"embeddable":true,"href":"https:\/\/samal.is\/en\/wp-json\/wp\/v2\/users\/1"}],"replies":[{"embeddable":true,"href":"https:\/\/samal.is\/en\/wp-json\/wp\/v2\/comments?post=1876"}],"version-history":[{"count":54,"href":"https:\/\/samal.is\/en\/wp-json\/wp\/v2\/pages\/1876\/revisions"}],"predecessor-version":[{"id":2122,"href":"https:\/\/samal.is\/en\/wp-json\/wp\/v2\/pages\/1876\/revisions\/2122"}],"wp:attachment":[{"href":"https:\/\/samal.is\/en\/wp-json\/wp\/v2\/media?parent=1876"}],"curies":[{"name":"wp","href":"https:\/\/api.w.org\/{rel}","templated":true}]}}