{"id":1974,"date":"2026-02-19T13:34:18","date_gmt":"2026-02-19T13:34:18","guid":{"rendered":"https:\/\/lightskyblue-grasshopper-667170.hostingersite.com\/?page_id=1974"},"modified":"2026-02-19T13:41:05","modified_gmt":"2026-02-19T13:41:05","slug":"arsfundur-2025-vid-gerum-betur","status":"publish","type":"page","link":"https:\/\/samal.is\/en\/arsfundur-2025-vid-gerum-betur\/","title":{"rendered":"\u00c1rsfundur 2025 &#8211; Vi\u00f0 gerum betur"},"content":{"rendered":"<div data-elementor-type=\"wp-page\" data-elementor-id=\"1974\" class=\"elementor elementor-1974\" data-elementor-post-type=\"page\">\n\t\t\t\t<div class=\"elementor-element elementor-element-ba50e9e e-flex e-con-boxed e-con e-parent\" data-id=\"ba50e9e\" data-element_type=\"container\" data-e-type=\"container\">\n\t\t\t\t\t<div class=\"e-con-inner\">\n\t\t\t\t<div class=\"elementor-element elementor-element-c560ee6 elementor-widget elementor-widget-text-editor\" data-id=\"c560ee6\" data-element_type=\"widget\" data-e-type=\"widget\" data-widget_type=\"text-editor.default\">\n\t\t\t\t\t\t\t\t\t<p><em>Fundarstj\u00f3ri er S\u00f3lveig Kr. Bergmann, framkv\u00e6mdastj\u00f3ri samskipta og samf\u00e9lagsm\u00e1la, Nor\u00f0ur\u00e1li<\/em><\/p><p>Dagskr\u00e1:<\/p><p><strong>Vi\u00f0 gerum betur:<\/strong>\u00a0Hl\u00f6\u00f0ver Hl\u00f6\u00f0versson, forma\u00f0ur stj\u00f3rnar Sam\u00e1ls og framkv\u00e6mdastj\u00f3ri fj\u00e1rfestinga Alcoa Fjar\u00f0a\u00e1l<\/p><p>\u00c1varp:\u00a0Atvinnuvegar\u00e1\u00f0herra, Hanna Katr\u00edn Fri\u00f0riksson<\/p><p><strong>\u00c1li\u00f0, \u00cdsland og Evr\u00f3pa:<\/strong>\u00a0Gu\u00f0r\u00ed\u00f0ur Eldey Arnard\u00f3ttir, framkv\u00e6mdastj\u00f3ri Sam\u00e1ls<\/p><p><strong><em>\u00c1li\u00f0 og orkuskiptin:<\/em><\/strong><em>\u00a0Gu\u00f0mundur Ben \u00deorsteinsson, Human &amp; Organizational Performance Lead at Tesla Rd.<\/em><\/p><p><strong>Samtal um \u00e1l &#8211; pallbor\u00f0<\/strong>:<\/p><p><em>\u00de\u00e1tttakendur<\/em><\/p><p>Sigur\u00f0ur Hannesson framkv\u00e6mdastj\u00f3ri Samtaka i\u00f0na\u00f0arins<\/p><p>\u00c1sgr\u00edmur Sigur\u00f0sson, framkv\u00e6mdastj\u00f3ri steypusk\u00e1la Fjar\u00f0a\u00e1ls<\/p><p>J\u00f3hann P\u00e1ll J\u00f3hannsson, Umhverfis-, orku-, og loftslagsr\u00e1\u00f0herra<\/p><p>Gu\u00f0mundur Ben \u00deorsteinsson, HOP lead at Tesla Rd.<\/p><p><em>Samtalinu st\u00fdrir Vigd\u00eds Dilj\u00e1 \u00d3skarsd\u00f3ttir, Stj\u00f3rnandi samskipta- og samf\u00e9lagsm\u00e1la Alcoa \u00e1 \u00cdslandi<\/em><\/p><p><em>\u00a0<\/em><\/p><p><em>\u00a0<\/em><\/p>\t\t\t\t\t\t\t\t<\/div>\n\t\t\t\t<div class=\"elementor-element elementor-element-0100e3f elementor-widget elementor-widget-html\" data-id=\"0100e3f\" data-element_type=\"widget\" data-e-type=\"widget\" data-widget_type=\"html.default\">\n\t\t\t\t\t<div style=\"padding:56.25% 0 0 0;position:relative;\"><iframe src=\"https:\/\/player.vimeo.com\/video\/1166334985?h=5a716d2c83&amp;badge=0&amp;autopause=0&amp;player_id=0&amp;app_id=58479\" frameborder=\"0\" allow=\"autoplay; fullscreen; picture-in-picture; clipboard-write; encrypted-media; web-share\" referrerpolicy=\"strict-origin-when-cross-origin\" style=\"position:absolute;top:0;left:0;width:100%;height:100%;\" title=\"sam\u00e1l-_\u00c1rsfundur_2025 (1080p)\"><\/iframe><\/div><script src=\"https:\/\/player.vimeo.com\/api\/player.js\"><\/script>\t\t\t\t<\/div>\n\t\t\t\t\t<\/div>\n\t\t\t\t<\/div>\n\t\t\t\t<\/div>","protected":false},"excerpt":{"rendered":"<p>Fundarstj\u00f3ri er S\u00f3lveig Kr. Bergmann, framkv\u00e6mdastj\u00f3ri samskipta og samf\u00e9lagsm\u00e1la, Nor\u00f0ur\u00e1li Dagskr\u00e1: Vi\u00f0 gerum betur:\u00a0Hl\u00f6\u00f0ver Hl\u00f6\u00f0versson, forma\u00f0ur stj\u00f3rnar Sam\u00e1ls og framkv\u00e6mdastj\u00f3ri fj\u00e1rfestinga Alcoa Fjar\u00f0a\u00e1l \u00c1varp:\u00a0Atvinnuvegar\u00e1\u00f0herra, Hanna Katr\u00edn Fri\u00f0riksson \u00c1li\u00f0, \u00cdsland og Evr\u00f3pa:\u00a0Gu\u00f0r\u00ed\u00f0ur Eldey Arnard\u00f3ttir, framkv\u00e6mdastj\u00f3ri Sam\u00e1ls \u00c1li\u00f0 og orkuskiptin:\u00a0Gu\u00f0mundur Ben \u00deorsteinsson, Human &amp; Organizational Performance Lead at Tesla Rd. Samtal um \u00e1l &#8211; pallbor\u00f0: \u00de\u00e1tttakendur Sigur\u00f0ur [&hellip;]<\/p>","protected":false},"author":2,"featured_media":0,"parent":0,"menu_order":0,"comment_status":"closed","ping_status":"closed","template":"","meta":{"site-sidebar-layout":"no-sidebar","site-content-layout":"page-builder","ast-site-content-layout":"full-width-container","site-content-style":"default","site-sidebar-style":"default","ast-global-header-display":"","ast-banner-title-visibility":"","ast-main-header-display":"","ast-hfb-above-header-display":"","ast-hfb-below-header-display":"","ast-hfb-mobile-header-display":"","site-post-title":"disabled","ast-breadcrumbs-content":"","ast-featured-img":"disabled","footer-sml-layout":"","ast-disable-related-posts":"","theme-transparent-header-meta":"","adv-header-id-meta":"","stick-header-meta":"","header-above-stick-meta":"","header-main-stick-meta":"","header-below-stick-meta":"","astra-migrate-meta-layouts":"default","ast-page-background-enabled":"default","ast-page-background-meta":{"desktop":{"background-color":"","background-image":"","background-repeat":"repeat","background-position":"center center","background-size":"auto","background-attachment":"scroll","background-type":"","background-media":"","overlay-type":"","overlay-color":"","overlay-opacity":"","overlay-gradient":""},"tablet":{"background-color":"","background-image":"","background-repeat":"repeat","background-position":"center center","background-size":"auto","background-attachment":"scroll","background-type":"","background-media":"","overlay-type":"","overlay-color":"","overlay-opacity":"","overlay-gradient":""},"mobile":{"background-color":"","background-image":"","background-repeat":"repeat","background-position":"center center","background-size":"auto","background-attachment":"scroll","background-type":"","background-media":"","overlay-type":"","overlay-color":"","overlay-opacity":"","overlay-gradient":""}},"ast-content-background-meta":{"desktop":{"background-color":"var(--ast-global-color-5)","background-image":"","background-repeat":"repeat","background-position":"center center","background-size":"auto","background-attachment":"scroll","background-type":"","background-media":"","overlay-type":"","overlay-color":"","overlay-opacity":"","overlay-gradient":""},"tablet":{"background-color":"var(--ast-global-color-5)","background-image":"","background-repeat":"repeat","background-position":"center center","background-size":"auto","background-attachment":"scroll","background-type":"","background-media":"","overlay-type":"","overlay-color":"","overlay-opacity":"","overlay-gradient":""},"mobile":{"background-color":"var(--ast-global-color-5)","background-image":"","background-repeat":"repeat","background-position":"center center","background-size":"auto","background-attachment":"scroll","background-type":"","background-media":"","overlay-type":"","overlay-color":"","overlay-opacity":"","overlay-gradient":""}},"footnotes":""},"class_list":["post-1974","page","type-page","status-publish","hentry"],"_links":{"self":[{"href":"https:\/\/samal.is\/en\/wp-json\/wp\/v2\/pages\/1974","targetHints":{"allow":["GET"]}}],"collection":[{"href":"https:\/\/samal.is\/en\/wp-json\/wp\/v2\/pages"}],"about":[{"href":"https:\/\/samal.is\/en\/wp-json\/wp\/v2\/types\/page"}],"author":[{"embeddable":true,"href":"https:\/\/samal.is\/en\/wp-json\/wp\/v2\/users\/2"}],"replies":[{"embeddable":true,"href":"https:\/\/samal.is\/en\/wp-json\/wp\/v2\/comments?post=1974"}],"version-history":[{"count":7,"href":"https:\/\/samal.is\/en\/wp-json\/wp\/v2\/pages\/1974\/revisions"}],"predecessor-version":[{"id":1985,"href":"https:\/\/samal.is\/en\/wp-json\/wp\/v2\/pages\/1974\/revisions\/1985"}],"wp:attachment":[{"href":"https:\/\/samal.is\/en\/wp-json\/wp\/v2\/media?parent=1974"}],"curies":[{"name":"wp","href":"https:\/\/api.w.org\/{rel}","templated":true}]}}