{"id":250,"date":"2025-08-04T14:29:49","date_gmt":"2025-08-04T14:29:49","guid":{"rendered":"https:\/\/lightskyblue-grasshopper-667170.hostingersite.com\/home\/"},"modified":"2025-12-02T19:25:15","modified_gmt":"2025-12-02T19:25:15","slug":"frettir","status":"publish","type":"page","link":"https:\/\/samal.is\/en\/frettir\/","title":{"rendered":"News"},"content":{"rendered":"<div data-elementor-type=\"wp-page\" data-elementor-id=\"250\" class=\"elementor elementor-250\" data-elementor-post-type=\"page\">\n\t\t\t\t<div class=\"elementor-element elementor-element-104fb61 e-flex e-con-boxed e-con e-parent\" data-id=\"104fb61\" data-element_type=\"container\" data-e-type=\"container\">\n\t\t\t\t\t<div class=\"e-con-inner\">\n\t\t\t\t<div class=\"elementor-element elementor-element-e0b08b6 elementor-widget-divider--view-line elementor-widget elementor-widget-divider\" data-id=\"e0b08b6\" data-element_type=\"widget\" data-e-type=\"widget\" data-widget_type=\"divider.default\">\n\t\t\t\t\t\t\t<div class=\"elementor-divider\">\n\t\t\t<span class=\"elementor-divider-separator\">\n\t\t\t\t\t\t<\/span>\n\t\t<\/div>\n\t\t\t\t\t\t<\/div>\n\t\t\t\t\t<\/div>\n\t\t\t\t<\/div>\n\t\t<div class=\"elementor-element elementor-element-4573ef1 e-flex e-con-boxed e-con e-parent\" data-id=\"4573ef1\" data-element_type=\"container\" data-e-type=\"container\">\n\t\t\t\t\t<div class=\"e-con-inner\">\n\t\t\t\t<div class=\"elementor-element elementor-element-a4405ba elementor-grid-4 elementor-grid-tablet-2 elementor-grid-mobile-1 elementor-widget elementor-widget-loop-grid\" data-id=\"a4405ba\" data-element_type=\"widget\" data-e-type=\"widget\" data-settings=\"{&quot;template_id&quot;:&quot;1242&quot;,&quot;columns&quot;:4,&quot;pagination_type&quot;:&quot;load_more_on_click&quot;,&quot;_skin&quot;:&quot;post&quot;,&quot;columns_tablet&quot;:&quot;2&quot;,&quot;columns_mobile&quot;:&quot;1&quot;,&quot;edit_handle_selector&quot;:&quot;[data-elementor-type=\\&quot;loop-item\\&quot;]&quot;,&quot;load_more_spinner&quot;:{&quot;value&quot;:&quot;fas fa-spinner&quot;,&quot;library&quot;:&quot;fa-solid&quot;},&quot;row_gap&quot;:{&quot;unit&quot;:&quot;px&quot;,&quot;size&quot;:&quot;&quot;,&quot;sizes&quot;:[]},&quot;row_gap_tablet&quot;:{&quot;unit&quot;:&quot;px&quot;,&quot;size&quot;:&quot;&quot;,&quot;sizes&quot;:[]},&quot;row_gap_mobile&quot;:{&quot;unit&quot;:&quot;px&quot;,&quot;size&quot;:&quot;&quot;,&quot;sizes&quot;:[]}}\" data-widget_type=\"loop-grid.post\">\n\t\t\t\t<div class=\"elementor-widget-container\">\n\t\t\t\t\t\t\t<div class=\"elementor-loop-container elementor-grid\" role=\"list\">\n\t\t<style id=\"loop-1242\">.elementor-1242 .elementor-element.elementor-element-06faab2{--display:flex;--flex-direction:column;--container-widget-width:100%;--container-widget-height:initial;--container-widget-flex-grow:0;--container-widget-align-self:initial;--flex-wrap-mobile:wrap;--padding-top:20px;--padding-bottom:20px;--padding-left:20px;--padding-right:20px;}.elementor-widget-divider{--divider-color:var( --e-global-color-secondary );}.elementor-widget-divider .elementor-divider__text{color:var( --e-global-color-secondary );font-family:var( --e-global-typography-secondary-font-family ), Sans-serif;font-weight:var( --e-global-typography-secondary-font-weight );}.elementor-widget-divider.elementor-view-stacked .elementor-icon{background-color:var( --e-global-color-secondary );}.elementor-widget-divider.elementor-view-framed .elementor-icon, .elementor-widget-divider.elementor-view-default .elementor-icon{color:var( --e-global-color-secondary );border-color:var( --e-global-color-secondary );}.elementor-widget-divider.elementor-view-framed .elementor-icon, .elementor-widget-divider.elementor-view-default .elementor-icon svg{fill:var( --e-global-color-secondary );}.elementor-1242 .elementor-element.elementor-element-396c2b4{--divider-border-style:solid;--divider-color:var( --e-global-color-secondary );--divider-border-width:7px;}.elementor-1242 .elementor-element.elementor-element-396c2b4 .elementor-divider-separator{width:100%;margin:0 auto;margin-left:0;}.elementor-1242 .elementor-element.elementor-element-396c2b4 .elementor-divider{text-align:left;padding-block-start:2px;padding-block-end:2px;}.elementor-widget-text-editor{font-family:var( --e-global-typography-text-font-family ), Sans-serif;font-weight:var( --e-global-typography-text-font-weight );color:var( --e-global-color-text );}.elementor-widget-text-editor.elementor-drop-cap-view-stacked .elementor-drop-cap{background-color:var( --e-global-color-primary );}.elementor-widget-text-editor.elementor-drop-cap-view-framed .elementor-drop-cap, .elementor-widget-text-editor.elementor-drop-cap-view-default .elementor-drop-cap{color:var( --e-global-color-primary );border-color:var( --e-global-color-primary );}.elementor-1242 .elementor-element.elementor-element-c962aa6{font-family:\"Roboto\", Sans-serif;font-size:14px;font-weight:400;padding:0px 0px 0px 0px;}.elementor-widget-heading .elementor-heading-title{font-family:var( --e-global-typography-primary-font-family ), Sans-serif;font-weight:var( --e-global-typography-primary-font-weight );color:var( --e-global-color-primary );}.elementor-1242 .elementor-element.elementor-element-6b3d4a6 .elementor-heading-title{font-family:\"Roboto\", Sans-serif;font-size:17px;font-weight:700;-webkit-text-stroke-width:0px;stroke-width:0px;-webkit-text-stroke-color:#000;stroke:#000;color:var( --e-global-color-primary );}.elementor-1242 .elementor-element.elementor-element-fa939d0{font-family:\"Roboto\", Sans-serif;font-size:14px;font-weight:400;}<\/style>\t\t<div data-elementor-type=\"loop-item\" data-elementor-id=\"1242\" class=\"elementor elementor-1242 e-loop-item e-loop-item-2021 post-2021 post type-post status-publish format-standard hentry category-frettir category-greinar\" data-elementor-post-type=\"elementor_library\" data-custom-edit-handle=\"1\">\n\t\t\t<div class=\"elementor-element elementor-element-06faab2 e-flex e-con-boxed e-con e-parent\" data-id=\"06faab2\" data-element_type=\"container\" data-e-type=\"container\" data-settings=\"{&quot;background_background&quot;:&quot;classic&quot;}\">\n\t\t\t\t\t<div class=\"e-con-inner\">\n\t\t\t\t<div class=\"elementor-element elementor-element-396c2b4 elementor-widget-divider--view-line elementor-widget elementor-widget-divider\" data-id=\"396c2b4\" data-element_type=\"widget\" data-e-type=\"widget\" data-widget_type=\"divider.default\">\n\t\t\t\t\t\t\t<div class=\"elementor-divider\">\n\t\t\t<span class=\"elementor-divider-separator\">\n\t\t\t\t\t\t<\/span>\n\t\t<\/div>\n\t\t\t\t\t\t<\/div>\n\t\t\t\t<div class=\"elementor-element elementor-element-c962aa6 elementor-widget elementor-widget-text-editor\" data-id=\"c962aa6\" data-element_type=\"widget\" data-e-type=\"widget\" data-widget_type=\"text-editor.default\">\n\t\t\t\t\t\t\t\t\t27.02.26\t\t\t\t\t\t\t\t<\/div>\n\t\t\t\t<div class=\"elementor-element elementor-element-6b3d4a6 elementor-widget elementor-widget-heading\" data-id=\"6b3d4a6\" data-element_type=\"widget\" data-e-type=\"widget\" data-widget_type=\"heading.default\">\n\t\t\t\t\t<h2 class=\"elementor-heading-title elementor-size-default\"><a href=\"https:\/\/samal.is\/en\/stydjum-vid-stem-greinar-i-grunnskola\/\">Sty\u00f0jum vi\u00f0 STEM greinar \u00ed grunnsk\u00f3la<\/a><\/h2>\t\t\t\t<\/div>\n\t\t\t\t<div class=\"elementor-element elementor-element-fa939d0 elementor-widget elementor-widget-text-editor\" data-id=\"fa939d0\" data-element_type=\"widget\" data-e-type=\"widget\" data-widget_type=\"text-editor.default\">\n\t\t\t\t\t\t\t\t\t<p>N\u00fa \u00feegar augu okkar beinast a\u00f0 st\u00f6\u00f0u \u00edslenska sk\u00f3lakerfisins \u00ed samanbur\u00f0i vi\u00f0 \u00f6nnur l\u00f6nd og ekki s\u00ed\u00f0ur \u00feeirri hnignun sem \u00fear hefur \u00e1tt s\u00e9r sta\u00f0&#8230;\t\t\t\t\t\t\t\t<\/div>\n\t\t\t\t\t<\/div>\n\t\t\t\t<\/div>\n\t\t\t\t<\/div>\n\t\t\t\t<div data-elementor-type=\"loop-item\" data-elementor-id=\"1242\" class=\"elementor elementor-1242 e-loop-item e-loop-item-1599 post-1599 post type-post status-publish format-standard hentry category-forsida category-frettir\" data-elementor-post-type=\"elementor_library\" data-custom-edit-handle=\"1\">\n\t\t\t<div class=\"elementor-element elementor-element-06faab2 e-flex e-con-boxed e-con e-parent\" data-id=\"06faab2\" data-element_type=\"container\" data-e-type=\"container\" data-settings=\"{&quot;background_background&quot;:&quot;classic&quot;}\">\n\t\t\t\t\t<div class=\"e-con-inner\">\n\t\t\t\t<div class=\"elementor-element elementor-element-396c2b4 elementor-widget-divider--view-line elementor-widget elementor-widget-divider\" data-id=\"396c2b4\" data-element_type=\"widget\" data-e-type=\"widget\" data-widget_type=\"divider.default\">\n\t\t\t\t\t\t\t<div class=\"elementor-divider\">\n\t\t\t<span class=\"elementor-divider-separator\">\n\t\t\t\t\t\t<\/span>\n\t\t<\/div>\n\t\t\t\t\t\t<\/div>\n\t\t\t\t<div class=\"elementor-element elementor-element-c962aa6 elementor-widget elementor-widget-text-editor\" data-id=\"c962aa6\" data-element_type=\"widget\" data-e-type=\"widget\" data-widget_type=\"text-editor.default\">\n\t\t\t\t\t\t\t\t\t11.12.25\t\t\t\t\t\t\t\t<\/div>\n\t\t\t\t<div class=\"elementor-element elementor-element-6b3d4a6 elementor-widget elementor-widget-heading\" data-id=\"6b3d4a6\" data-element_type=\"widget\" data-e-type=\"widget\" data-widget_type=\"heading.default\">\n\t\t\t\t\t<h2 class=\"elementor-heading-title elementor-size-default\"><a href=\"https:\/\/samal.is\/en\/her-er-frett-um-eitthvad-merkilegt\/\">\u00c1l- og k\u00edsil\u00admarka\u00f0ir \u00ed hringi\u00f0u heims\u00adm\u00e1la<\/a><\/h2>\t\t\t\t<\/div>\n\t\t\t\t<div class=\"elementor-element elementor-element-fa939d0 elementor-widget elementor-widget-text-editor\" data-id=\"fa939d0\" data-element_type=\"widget\" data-e-type=\"widget\" data-widget_type=\"text-editor.default\">\n\t\t\t\t\t\t\t\t\t<p>Vi\u00f0 \u00cdslendingar h\u00f6fum bori\u00f0 g\u00e6fu til \u00feess a\u00f0 f\u00e1 hinga\u00f0 til lands st\u00f6ndug og vel rekin fyrirt\u00e6ki \u00ed orkus\u00e6knum i\u00f0na\u00f0i. \u00deessi fyrirt\u00e6ki, sem eru st\u00f3rnotendur&#8230;\t\t\t\t\t\t\t\t<\/div>\n\t\t\t\t\t<\/div>\n\t\t\t\t<\/div>\n\t\t\t\t<\/div>\n\t\t\t\t<div data-elementor-type=\"loop-item\" data-elementor-id=\"1242\" class=\"elementor elementor-1242 e-loop-item e-loop-item-1591 post-1591 post type-post status-publish format-standard hentry category-forsida category-frettir category-greinar\" data-elementor-post-type=\"elementor_library\" data-custom-edit-handle=\"1\">\n\t\t\t<div class=\"elementor-element elementor-element-06faab2 e-flex e-con-boxed e-con e-parent\" data-id=\"06faab2\" data-element_type=\"container\" data-e-type=\"container\" data-settings=\"{&quot;background_background&quot;:&quot;classic&quot;}\">\n\t\t\t\t\t<div class=\"e-con-inner\">\n\t\t\t\t<div class=\"elementor-element elementor-element-396c2b4 elementor-widget-divider--view-line elementor-widget elementor-widget-divider\" data-id=\"396c2b4\" data-element_type=\"widget\" data-e-type=\"widget\" data-widget_type=\"divider.default\">\n\t\t\t\t\t\t\t<div class=\"elementor-divider\">\n\t\t\t<span class=\"elementor-divider-separator\">\n\t\t\t\t\t\t<\/span>\n\t\t<\/div>\n\t\t\t\t\t\t<\/div>\n\t\t\t\t<div class=\"elementor-element elementor-element-c962aa6 elementor-widget elementor-widget-text-editor\" data-id=\"c962aa6\" data-element_type=\"widget\" data-e-type=\"widget\" data-widget_type=\"text-editor.default\">\n\t\t\t\t\t\t\t\t\t21.11.25\t\t\t\t\t\t\t\t<\/div>\n\t\t\t\t<div class=\"elementor-element elementor-element-6b3d4a6 elementor-widget elementor-widget-heading\" data-id=\"6b3d4a6\" data-element_type=\"widget\" data-e-type=\"widget\" data-widget_type=\"heading.default\">\n\t\t\t\t\t<h2 class=\"elementor-heading-title elementor-size-default\"><a href=\"https:\/\/samal.is\/en\/thad-kostar-ad-menga-thu-sparar-a-ad-menga-minna\/\">\u00dea\u00f0 kostar a\u00f0 menga, \u00fe\u00fa sparar \u00e1 a\u00f0 menga minna<\/a><\/h2>\t\t\t\t<\/div>\n\t\t\t\t<div class=\"elementor-element elementor-element-fa939d0 elementor-widget elementor-widget-text-editor\" data-id=\"fa939d0\" data-element_type=\"widget\" data-e-type=\"widget\" data-widget_type=\"text-editor.default\">\n\t\t\t\t\t\t\t\t\t<p>Hi\u00f0 svokalla\u00f0a ETS-kerfi er vi\u00f0skiptakerfi me\u00f0 kolefniseiningar; verkf\u00e6ri \u00ed bar\u00e1ttunni gegn hl\u00fdnun jar\u00f0ar. Kerfinu er m.a. \u00e6tla\u00f0 a\u00f0 \u00fer\u00fdsta \u00e1 i\u00f0na\u00f0 \u00ed Evr\u00f3pu a\u00f0 draga&#8230;\t\t\t\t\t\t\t\t<\/div>\n\t\t\t\t\t<\/div>\n\t\t\t\t<\/div>\n\t\t\t\t<\/div>\n\t\t\t\t<div data-elementor-type=\"loop-item\" data-elementor-id=\"1242\" class=\"elementor elementor-1242 e-loop-item e-loop-item-1820 post-1820 post type-post status-publish format-standard hentry category-forsida category-frettir\" data-elementor-post-type=\"elementor_library\" data-custom-edit-handle=\"1\">\n\t\t\t<div class=\"elementor-element elementor-element-06faab2 e-flex e-con-boxed e-con e-parent\" data-id=\"06faab2\" data-element_type=\"container\" data-e-type=\"container\" data-settings=\"{&quot;background_background&quot;:&quot;classic&quot;}\">\n\t\t\t\t\t<div class=\"e-con-inner\">\n\t\t\t\t<div class=\"elementor-element elementor-element-396c2b4 elementor-widget-divider--view-line elementor-widget elementor-widget-divider\" data-id=\"396c2b4\" data-element_type=\"widget\" data-e-type=\"widget\" data-widget_type=\"divider.default\">\n\t\t\t\t\t\t\t<div class=\"elementor-divider\">\n\t\t\t<span class=\"elementor-divider-separator\">\n\t\t\t\t\t\t<\/span>\n\t\t<\/div>\n\t\t\t\t\t\t<\/div>\n\t\t\t\t<div class=\"elementor-element elementor-element-c962aa6 elementor-widget elementor-widget-text-editor\" data-id=\"c962aa6\" data-element_type=\"widget\" data-e-type=\"widget\" data-widget_type=\"text-editor.default\">\n\t\t\t\t\t\t\t\t\t29.05.25\t\t\t\t\t\t\t\t<\/div>\n\t\t\t\t<div class=\"elementor-element elementor-element-6b3d4a6 elementor-widget elementor-widget-heading\" data-id=\"6b3d4a6\" data-element_type=\"widget\" data-e-type=\"widget\" data-widget_type=\"heading.default\">\n\t\t\t\t\t<h2 class=\"elementor-heading-title elementor-size-default\"><a href=\"https:\/\/samal.is\/en\/radherra-lofar-studningi-vid-alframleidslu-2\/\">R\u00e1\u00f0herra lofar stu\u00f0ningi vi\u00f0 \u00e1lframlei\u00f0slu<\/a><\/h2>\t\t\t\t<\/div>\n\t\t\t\t<div class=\"elementor-element elementor-element-fa939d0 elementor-widget elementor-widget-text-editor\" data-id=\"fa939d0\" data-element_type=\"widget\" data-e-type=\"widget\" data-widget_type=\"text-editor.default\">\n\t\t\t\t\t\t\t\t\t<p>\u201eVi\u00f0 ver\u00f0um a\u00f0 vi\u00f0halda samkeppnish\u00e6fu raforkuver\u00f0i\u201c \u00c1lframlei\u00f0sla og samkeppnish\u00e6fni i\u00f0na\u00f0arins \u00e1 \u00cdslandi voru \u00ed brennidepli \u00e1 \u00e1rsfundi Sam\u00e1ls sem haldinn var \u00e1 Hilton Nordica \u00feann&#8230;\t\t\t\t\t\t\t\t<\/div>\n\t\t\t\t\t<\/div>\n\t\t\t\t<\/div>\n\t\t\t\t<\/div>\n\t\t\t\t<div data-elementor-type=\"loop-item\" data-elementor-id=\"1242\" class=\"elementor elementor-1242 e-loop-item e-loop-item-2028 post-2028 post type-post status-publish format-standard hentry category-frettir category-greinar\" data-elementor-post-type=\"elementor_library\" data-custom-edit-handle=\"1\">\n\t\t\t<div class=\"elementor-element elementor-element-06faab2 e-flex e-con-boxed e-con e-parent\" data-id=\"06faab2\" data-element_type=\"container\" data-e-type=\"container\" data-settings=\"{&quot;background_background&quot;:&quot;classic&quot;}\">\n\t\t\t\t\t<div class=\"e-con-inner\">\n\t\t\t\t<div class=\"elementor-element elementor-element-396c2b4 elementor-widget-divider--view-line elementor-widget elementor-widget-divider\" data-id=\"396c2b4\" data-element_type=\"widget\" data-e-type=\"widget\" data-widget_type=\"divider.default\">\n\t\t\t\t\t\t\t<div class=\"elementor-divider\">\n\t\t\t<span class=\"elementor-divider-separator\">\n\t\t\t\t\t\t<\/span>\n\t\t<\/div>\n\t\t\t\t\t\t<\/div>\n\t\t\t\t<div class=\"elementor-element elementor-element-c962aa6 elementor-widget elementor-widget-text-editor\" data-id=\"c962aa6\" data-element_type=\"widget\" data-e-type=\"widget\" data-widget_type=\"text-editor.default\">\n\t\t\t\t\t\t\t\t\t28.03.25\t\t\t\t\t\t\t\t<\/div>\n\t\t\t\t<div class=\"elementor-element elementor-element-6b3d4a6 elementor-widget elementor-widget-heading\" data-id=\"6b3d4a6\" data-element_type=\"widget\" data-e-type=\"widget\" data-widget_type=\"heading.default\">\n\t\t\t\t\t<h2 class=\"elementor-heading-title elementor-size-default\"><a href=\"https:\/\/samal.is\/en\/graent-al-fra-islandi-er-mikilvaegt-fyrir-sjalfstaeda-evropu\/\">Gr\u00e6nt \u00e1l fr\u00e1 \u00cds\u00adlandi er mikil\u00adv\u00e6gt fyrir sj\u00e1lf\u00adst\u00e6\u00f0a Evr\u00f3pu<\/a><\/h2>\t\t\t\t<\/div>\n\t\t\t\t<div class=\"elementor-element elementor-element-fa939d0 elementor-widget elementor-widget-text-editor\" data-id=\"fa939d0\" data-element_type=\"widget\" data-e-type=\"widget\" data-widget_type=\"text-editor.default\">\n\t\t\t\t\t\t\t\t\t<p>N\u00fa hefur framkv\u00e6mdastj\u00f3rn Evr\u00f3pusambandsins birt a\u00f0ger\u00f0ar\u00e1\u00e6tlun til a\u00f0 sty\u00f0ja vi\u00f0 aukna framlei\u00f0slu \u00ed st\u00e1l og m\u00e1lmi\u00f0na\u00f0i innan bandalagsr\u00edkjanna[1]. Sl\u00edkt er mikilv\u00e6gur \u00fe\u00e1ttur \u00ed a\u00f0 efla&#8230;\t\t\t\t\t\t\t\t<\/div>\n\t\t\t\t\t<\/div>\n\t\t\t\t<\/div>\n\t\t\t\t<\/div>\n\t\t\t\t<div data-elementor-type=\"loop-item\" data-elementor-id=\"1242\" class=\"elementor elementor-1242 e-loop-item e-loop-item-1661 post-1661 post type-post status-publish format-standard hentry category-forsida category-frettir category-frodleikur\" data-elementor-post-type=\"elementor_library\" data-custom-edit-handle=\"1\">\n\t\t\t<div class=\"elementor-element elementor-element-06faab2 e-flex e-con-boxed e-con e-parent\" data-id=\"06faab2\" data-element_type=\"container\" data-e-type=\"container\" data-settings=\"{&quot;background_background&quot;:&quot;classic&quot;}\">\n\t\t\t\t\t<div class=\"e-con-inner\">\n\t\t\t\t<div class=\"elementor-element elementor-element-396c2b4 elementor-widget-divider--view-line elementor-widget elementor-widget-divider\" data-id=\"396c2b4\" data-element_type=\"widget\" data-e-type=\"widget\" data-widget_type=\"divider.default\">\n\t\t\t\t\t\t\t<div class=\"elementor-divider\">\n\t\t\t<span class=\"elementor-divider-separator\">\n\t\t\t\t\t\t<\/span>\n\t\t<\/div>\n\t\t\t\t\t\t<\/div>\n\t\t\t\t<div class=\"elementor-element elementor-element-c962aa6 elementor-widget elementor-widget-text-editor\" data-id=\"c962aa6\" data-element_type=\"widget\" data-e-type=\"widget\" data-widget_type=\"text-editor.default\">\n\t\t\t\t\t\t\t\t\t18.12.24\t\t\t\t\t\t\t\t<\/div>\n\t\t\t\t<div class=\"elementor-element elementor-element-6b3d4a6 elementor-widget elementor-widget-heading\" data-id=\"6b3d4a6\" data-element_type=\"widget\" data-e-type=\"widget\" data-widget_type=\"heading.default\">\n\t\t\t\t\t<h2 class=\"elementor-heading-title elementor-size-default\"><a href=\"https:\/\/samal.is\/en\/hverju-skila-alfyrirtaeki-inn-i-islenskt-thjodarbu\/\">Hverju skila \u00e1lfyrirt\u00e6ki inn \u00ed \u00edslenskt \u00fej\u00f3\u00f0arb\u00fa?<\/a><\/h2>\t\t\t\t<\/div>\n\t\t\t\t<div class=\"elementor-element elementor-element-fa939d0 elementor-widget elementor-widget-text-editor\" data-id=\"fa939d0\" data-element_type=\"widget\" data-e-type=\"widget\" data-widget_type=\"text-editor.default\">\n\t\t\t\t\t\t\t\t\t<p>\u00datflutningstekjur \u00e1lvera n\u00e1mu um 328,4 millj\u00f6r\u00f0um \u00e1 \u00e1rinu 2024 sem er um 17% af heildar \u00fatflutningi v\u00f6ru og \u00fej\u00f3nustu. \u00c1lverin keyptu raforku fyrir 65 milljar\u00f0a&#8230;\t\t\t\t\t\t\t\t<\/div>\n\t\t\t\t\t<\/div>\n\t\t\t\t<\/div>\n\t\t\t\t<\/div>\n\t\t\t\t<div data-elementor-type=\"loop-item\" data-elementor-id=\"1242\" class=\"elementor elementor-1242 e-loop-item e-loop-item-1284 post-1284 post type-post status-publish format-standard hentry category-frettir\" data-elementor-post-type=\"elementor_library\" data-custom-edit-handle=\"1\">\n\t\t\t<div class=\"elementor-element elementor-element-06faab2 e-flex e-con-boxed e-con e-parent\" data-id=\"06faab2\" data-element_type=\"container\" data-e-type=\"container\" data-settings=\"{&quot;background_background&quot;:&quot;classic&quot;}\">\n\t\t\t\t\t<div class=\"e-con-inner\">\n\t\t\t\t<div class=\"elementor-element elementor-element-396c2b4 elementor-widget-divider--view-line elementor-widget elementor-widget-divider\" data-id=\"396c2b4\" data-element_type=\"widget\" data-e-type=\"widget\" data-widget_type=\"divider.default\">\n\t\t\t\t\t\t\t<div class=\"elementor-divider\">\n\t\t\t<span class=\"elementor-divider-separator\">\n\t\t\t\t\t\t<\/span>\n\t\t<\/div>\n\t\t\t\t\t\t<\/div>\n\t\t\t\t<div class=\"elementor-element elementor-element-c962aa6 elementor-widget elementor-widget-text-editor\" data-id=\"c962aa6\" data-element_type=\"widget\" data-e-type=\"widget\" data-widget_type=\"text-editor.default\">\n\t\t\t\t\t\t\t\t\t04.08.24\t\t\t\t\t\t\t\t<\/div>\n\t\t\t\t<div class=\"elementor-element elementor-element-6b3d4a6 elementor-widget elementor-widget-heading\" data-id=\"6b3d4a6\" data-element_type=\"widget\" data-e-type=\"widget\" data-widget_type=\"heading.default\">\n\t\t\t\t\t<h2 class=\"elementor-heading-title elementor-size-default\"><a href=\"https:\/\/samal.is\/en\/i-hvad-fer-al-sem-framleitt-er-a-islandi\/\">\u00cd hva\u00f0 fer \u00e1l sem framleitt er \u00e1 \u00cdslandi?<\/a><\/h2>\t\t\t\t<\/div>\n\t\t\t\t<div class=\"elementor-element elementor-element-fa939d0 elementor-widget elementor-widget-text-editor\" data-id=\"fa939d0\" data-element_type=\"widget\" data-e-type=\"widget\" data-widget_type=\"text-editor.default\">\n\t\t\t\t\t\t\t\t\t<p>Framlei\u00f0sla \u00e1ls h\u00f3fst \u00e1 \u00cdslandi \u00e1ri\u00f0 1969 me\u00f0 \u00e1lverinu \u00ed Straumsv\u00edk. \u00c1ri\u00f0 1998 h\u00f3f Nor\u00f0ur\u00e1l starfsemi \u00e1 Grundartanga og Alcoa Fjar\u00f0a\u00e1ls \u00e1 Rey\u00f0arfir\u00f0i h\u00f3f framlei\u00f0slu&#8230;\t\t\t\t\t\t\t\t<\/div>\n\t\t\t\t\t<\/div>\n\t\t\t\t<\/div>\n\t\t\t\t<\/div>\n\t\t\t\t<\/div>\n\t\t\t\t\t<span class=\"e-load-more-spinner\">\n\t\t\t\t<svg aria-hidden=\"true\" class=\"e-font-icon-svg e-fas-spinner\" viewbox=\"0 0 512 512\" xmlns=\"http:\/\/www.w3.org\/2000\/svg\"><path d=\"M304 48c0 26.51-21.49 48-48 48s-48-21.49-48-48 21.49-48 48-48 48 21.49 48 48zm-48 368c-26.51 0-48 21.49-48 48s21.49 48 48 48 48-21.49 48-48-21.49-48-48-48zm208-208c-26.51 0-48 21.49-48 48s21.49 48 48 48 48-21.49 48-48-21.49-48-48-48zM96 256c0-26.51-21.49-48-48-48S0 229.49 0 256s21.49 48 48 48 48-21.49 48-48zm12.922 99.078c-26.51 0-48 21.49-48 48s21.49 48 48 48 48-21.49 48-48c0-26.509-21.491-48-48-48zm294.156 0c-26.51 0-48 21.49-48 48s21.49 48 48 48 48-21.49 48-48c0-26.509-21.49-48-48-48zM108.922 60.922c-26.51 0-48 21.49-48 48s21.49 48 48 48 48-21.49 48-48-21.491-48-48-48z\"><\/path><\/svg>\t\t\t<\/span>\n\t\t\n\t\t\t\t\t\t<\/div>\n\t\t\t\t<\/div>\n\t\t\t\t\t<\/div>\n\t\t\t\t<\/div>\n\t\t\t\t<\/div>","protected":false},"excerpt":{"rendered":"","protected":false},"author":1,"featured_media":0,"parent":0,"menu_order":0,"comment_status":"closed","ping_status":"closed","template":"","meta":{"site-sidebar-layout":"no-sidebar","site-content-layout":"plain-container","ast-site-content-layout":"full-width-container","site-content-style":"unboxed","site-sidebar-style":"unboxed","ast-global-header-display":"","ast-banner-title-visibility":"","ast-main-header-display":"","ast-hfb-above-header-display":"","ast-hfb-below-header-display":"","ast-hfb-mobile-header-display":"","site-post-title":"disabled","ast-breadcrumbs-content":"","ast-featured-img":"disabled","footer-sml-layout":"","ast-disable-related-posts":"","theme-transparent-header-meta":"enabled","adv-header-id-meta":"","stick-header-meta":"","header-above-stick-meta":"","header-main-stick-meta":"","header-below-stick-meta":"","astra-migrate-meta-layouts":"set","ast-page-background-enabled":"default","ast-page-background-meta":{"desktop":{"background-color":"","background-image":"","background-repeat":"repeat","background-position":"center center","background-size":"auto","background-attachment":"scroll","background-type":"","background-media":"","overlay-type":"","overlay-color":"","overlay-opacity":"","overlay-gradient":""},"tablet":{"background-color":"","background-image":"","background-repeat":"repeat","background-position":"center center","background-size":"auto","background-attachment":"scroll","background-type":"","background-media":"","overlay-type":"","overlay-color":"","overlay-opacity":"","overlay-gradient":""},"mobile":{"background-color":"","background-image":"","background-repeat":"repeat","background-position":"center center","background-size":"auto","background-attachment":"scroll","background-type":"","background-media":"","overlay-type":"","overlay-color":"","overlay-opacity":"","overlay-gradient":""}},"ast-content-background-meta":{"desktop":{"background-color":"var(--ast-global-color-5)","background-image":"","background-repeat":"repeat","background-position":"center center","background-size":"auto","background-attachment":"scroll","background-type":"","background-media":"","overlay-type":"","overlay-color":"","overlay-opacity":"","overlay-gradient":""},"tablet":{"background-color":"var(--ast-global-color-5)","background-image":"","background-repeat":"repeat","background-position":"center center","background-size":"auto","background-attachment":"scroll","background-type":"","background-media":"","overlay-type":"","overlay-color":"","overlay-opacity":"","overlay-gradient":""},"mobile":{"background-color":"var(--ast-global-color-5)","background-image":"","background-repeat":"repeat","background-position":"center center","background-size":"auto","background-attachment":"scroll","background-type":"","background-media":"","overlay-type":"","overlay-color":"","overlay-opacity":"","overlay-gradient":""}},"footnotes":""},"class_list":["post-250","page","type-page","status-publish","hentry"],"_links":{"self":[{"href":"https:\/\/samal.is\/en\/wp-json\/wp\/v2\/pages\/250","targetHints":{"allow":["GET"]}}],"collection":[{"href":"https:\/\/samal.is\/en\/wp-json\/wp\/v2\/pages"}],"about":[{"href":"https:\/\/samal.is\/en\/wp-json\/wp\/v2\/types\/page"}],"author":[{"embeddable":true,"href":"https:\/\/samal.is\/en\/wp-json\/wp\/v2\/users\/1"}],"replies":[{"embeddable":true,"href":"https:\/\/samal.is\/en\/wp-json\/wp\/v2\/comments?post=250"}],"version-history":[{"count":27,"href":"https:\/\/samal.is\/en\/wp-json\/wp\/v2\/pages\/250\/revisions"}],"predecessor-version":[{"id":1534,"href":"https:\/\/samal.is\/en\/wp-json\/wp\/v2\/pages\/250\/revisions\/1534"}],"wp:attachment":[{"href":"https:\/\/samal.is\/en\/wp-json\/wp\/v2\/media?parent=250"}],"curies":[{"name":"wp","href":"https:\/\/api.w.org\/{rel}","templated":true}]}}