{"id":256,"date":"2025-08-04T14:29:49","date_gmt":"2025-08-04T14:29:49","guid":{"rendered":"https:\/\/lightskyblue-grasshopper-667170.hostingersite.com\/events\/"},"modified":"2025-12-02T19:37:01","modified_gmt":"2025-12-02T19:37:01","slug":"frodleikur","status":"publish","type":"page","link":"https:\/\/samal.is\/en\/frodleikur\/","title":{"rendered":"Knowledge"},"content":{"rendered":"<div data-elementor-type=\"wp-page\" data-elementor-id=\"256\" class=\"elementor elementor-256\" data-elementor-post-type=\"page\">\n\t\t\t\t<div class=\"elementor-element elementor-element-252e1b5a e-flex e-con-boxed e-con e-parent\" data-id=\"252e1b5a\" data-element_type=\"container\" data-e-type=\"container\">\n\t\t\t\t\t<div class=\"e-con-inner\">\n\t\t\t\t<div class=\"elementor-element elementor-element-395ee599 elementor-widget-divider--view-line elementor-widget elementor-widget-divider\" data-id=\"395ee599\" data-element_type=\"widget\" data-e-type=\"widget\" data-widget_type=\"divider.default\">\n\t\t\t\t\t\t\t<div class=\"elementor-divider\">\n\t\t\t<span class=\"elementor-divider-separator\">\n\t\t\t\t\t\t<\/span>\n\t\t<\/div>\n\t\t\t\t\t\t<\/div>\n\t\t\t\t\t<\/div>\n\t\t\t\t<\/div>\n\t\t<div class=\"elementor-element elementor-element-baee3b5 e-flex e-con-boxed e-con e-parent\" data-id=\"baee3b5\" data-element_type=\"container\" data-e-type=\"container\">\n\t\t\t\t\t<div class=\"e-con-inner\">\n\t\t\t\t<div class=\"elementor-element elementor-element-460e7cf elementor-grid-3 elementor-grid-tablet-2 elementor-grid-mobile-1 elementor-widget elementor-widget-loop-grid\" data-id=\"460e7cf\" data-element_type=\"widget\" data-e-type=\"widget\" data-settings=\"{&quot;template_id&quot;:&quot;1242&quot;,&quot;pagination_type&quot;:&quot;load_more_on_click&quot;,&quot;_skin&quot;:&quot;post&quot;,&quot;columns&quot;:&quot;3&quot;,&quot;columns_tablet&quot;:&quot;2&quot;,&quot;columns_mobile&quot;:&quot;1&quot;,&quot;edit_handle_selector&quot;:&quot;[data-elementor-type=\\&quot;loop-item\\&quot;]&quot;,&quot;load_more_spinner&quot;:{&quot;value&quot;:&quot;fas fa-spinner&quot;,&quot;library&quot;:&quot;fa-solid&quot;},&quot;row_gap&quot;:{&quot;unit&quot;:&quot;px&quot;,&quot;size&quot;:&quot;&quot;,&quot;sizes&quot;:[]},&quot;row_gap_tablet&quot;:{&quot;unit&quot;:&quot;px&quot;,&quot;size&quot;:&quot;&quot;,&quot;sizes&quot;:[]},&quot;row_gap_mobile&quot;:{&quot;unit&quot;:&quot;px&quot;,&quot;size&quot;:&quot;&quot;,&quot;sizes&quot;:[]}}\" data-widget_type=\"loop-grid.post\">\n\t\t\t\t<div class=\"elementor-widget-container\">\n\t\t\t\t\t\t\t<div class=\"elementor-loop-container elementor-grid\" role=\"list\">\n\t\t<style id=\"loop-1242\">.elementor-1242 .elementor-element.elementor-element-06faab2{--display:flex;--flex-direction:column;--container-widget-width:100%;--container-widget-height:initial;--container-widget-flex-grow:0;--container-widget-align-self:initial;--flex-wrap-mobile:wrap;--padding-top:20px;--padding-bottom:20px;--padding-left:20px;--padding-right:20px;}.elementor-widget-divider{--divider-color:var( --e-global-color-secondary );}.elementor-widget-divider .elementor-divider__text{color:var( --e-global-color-secondary );font-family:var( --e-global-typography-secondary-font-family ), Sans-serif;font-weight:var( --e-global-typography-secondary-font-weight );}.elementor-widget-divider.elementor-view-stacked .elementor-icon{background-color:var( --e-global-color-secondary );}.elementor-widget-divider.elementor-view-framed .elementor-icon, .elementor-widget-divider.elementor-view-default .elementor-icon{color:var( --e-global-color-secondary );border-color:var( --e-global-color-secondary );}.elementor-widget-divider.elementor-view-framed .elementor-icon, .elementor-widget-divider.elementor-view-default .elementor-icon svg{fill:var( --e-global-color-secondary );}.elementor-1242 .elementor-element.elementor-element-396c2b4{--divider-border-style:solid;--divider-color:var( --e-global-color-secondary );--divider-border-width:7px;}.elementor-1242 .elementor-element.elementor-element-396c2b4 .elementor-divider-separator{width:100%;margin:0 auto;margin-left:0;}.elementor-1242 .elementor-element.elementor-element-396c2b4 .elementor-divider{text-align:left;padding-block-start:2px;padding-block-end:2px;}.elementor-widget-text-editor{font-family:var( --e-global-typography-text-font-family ), Sans-serif;font-weight:var( --e-global-typography-text-font-weight );color:var( --e-global-color-text );}.elementor-widget-text-editor.elementor-drop-cap-view-stacked .elementor-drop-cap{background-color:var( --e-global-color-primary );}.elementor-widget-text-editor.elementor-drop-cap-view-framed .elementor-drop-cap, .elementor-widget-text-editor.elementor-drop-cap-view-default .elementor-drop-cap{color:var( --e-global-color-primary );border-color:var( --e-global-color-primary );}.elementor-1242 .elementor-element.elementor-element-c962aa6{font-family:\"Roboto\", Sans-serif;font-size:14px;font-weight:400;padding:0px 0px 0px 0px;}.elementor-widget-heading .elementor-heading-title{font-family:var( --e-global-typography-primary-font-family ), Sans-serif;font-weight:var( --e-global-typography-primary-font-weight );color:var( --e-global-color-primary );}.elementor-1242 .elementor-element.elementor-element-6b3d4a6 .elementor-heading-title{font-family:\"Roboto\", Sans-serif;font-size:17px;font-weight:700;-webkit-text-stroke-width:0px;stroke-width:0px;-webkit-text-stroke-color:#000;stroke:#000;color:var( --e-global-color-primary );}.elementor-1242 .elementor-element.elementor-element-fa939d0{font-family:\"Roboto\", Sans-serif;font-size:14px;font-weight:400;}<\/style>\t\t<div data-elementor-type=\"loop-item\" data-elementor-id=\"1242\" class=\"elementor elementor-1242 e-loop-item e-loop-item-1652 post-1652 post type-post status-publish format-standard hentry category-forsida category-frodleikur\" data-elementor-post-type=\"elementor_library\" data-custom-edit-handle=\"1\">\n\t\t\t<div class=\"elementor-element elementor-element-06faab2 e-flex e-con-boxed e-con e-parent\" data-id=\"06faab2\" data-element_type=\"container\" data-e-type=\"container\" data-settings=\"{&quot;background_background&quot;:&quot;classic&quot;}\">\n\t\t\t\t\t<div class=\"e-con-inner\">\n\t\t\t\t<div class=\"elementor-element elementor-element-396c2b4 elementor-widget-divider--view-line elementor-widget elementor-widget-divider\" data-id=\"396c2b4\" data-element_type=\"widget\" data-e-type=\"widget\" data-widget_type=\"divider.default\">\n\t\t\t\t\t\t\t<div class=\"elementor-divider\">\n\t\t\t<span class=\"elementor-divider-separator\">\n\t\t\t\t\t\t<\/span>\n\t\t<\/div>\n\t\t\t\t\t\t<\/div>\n\t\t\t\t<div class=\"elementor-element elementor-element-c962aa6 elementor-widget elementor-widget-text-editor\" data-id=\"c962aa6\" data-element_type=\"widget\" data-e-type=\"widget\" data-widget_type=\"text-editor.default\">\n\t\t\t\t\t\t\t\t\t16.12.25\t\t\t\t\t\t\t\t<\/div>\n\t\t\t\t<div class=\"elementor-element elementor-element-6b3d4a6 elementor-widget elementor-widget-heading\" data-id=\"6b3d4a6\" data-element_type=\"widget\" data-e-type=\"widget\" data-widget_type=\"heading.default\">\n\t\t\t\t\t<h2 class=\"elementor-heading-title elementor-size-default\"><a href=\"https:\/\/samal.is\/en\/hvernig-verdur-raforkuverd-til-i-evropu\/\">Hvernig ver\u00f0ur raforkuver\u00f0 til \u00ed Evr\u00f3pu?<\/a><\/h2>\t\t\t\t<\/div>\n\t\t\t\t<div class=\"elementor-element elementor-element-fa939d0 elementor-widget elementor-widget-text-editor\" data-id=\"fa939d0\" data-element_type=\"widget\" data-e-type=\"widget\" data-widget_type=\"text-editor.default\">\n\t\t\t\t\t\t\t\t\t<p>Nokku\u00f0 hefur veri\u00f0 r\u00e6tt um raforkuver\u00f0 \u00e1 \u00cdslandi, b\u00e6\u00f0i til almennings en ekki s\u00ed\u00f0ur til atvinnul\u00edfs og \u00fe\u00e1 a\u00f0allega st\u00f3rnotenda. Framan af var almennt tali\u00f0&#8230;\t\t\t\t\t\t\t\t<\/div>\n\t\t\t\t\t<\/div>\n\t\t\t\t<\/div>\n\t\t\t\t<\/div>\n\t\t\t\t<div data-elementor-type=\"loop-item\" data-elementor-id=\"1242\" class=\"elementor elementor-1242 e-loop-item e-loop-item-1643 post-1643 post type-post status-publish format-standard hentry category-forsida category-frodleikur\" data-elementor-post-type=\"elementor_library\" data-custom-edit-handle=\"1\">\n\t\t\t<div class=\"elementor-element elementor-element-06faab2 e-flex e-con-boxed e-con e-parent\" data-id=\"06faab2\" data-element_type=\"container\" data-e-type=\"container\" data-settings=\"{&quot;background_background&quot;:&quot;classic&quot;}\">\n\t\t\t\t\t<div class=\"e-con-inner\">\n\t\t\t\t<div class=\"elementor-element elementor-element-396c2b4 elementor-widget-divider--view-line elementor-widget elementor-widget-divider\" data-id=\"396c2b4\" data-element_type=\"widget\" data-e-type=\"widget\" data-widget_type=\"divider.default\">\n\t\t\t\t\t\t\t<div class=\"elementor-divider\">\n\t\t\t<span class=\"elementor-divider-separator\">\n\t\t\t\t\t\t<\/span>\n\t\t<\/div>\n\t\t\t\t\t\t<\/div>\n\t\t\t\t<div class=\"elementor-element elementor-element-c962aa6 elementor-widget elementor-widget-text-editor\" data-id=\"c962aa6\" data-element_type=\"widget\" data-e-type=\"widget\" data-widget_type=\"text-editor.default\">\n\t\t\t\t\t\t\t\t\t16.06.25\t\t\t\t\t\t\t\t<\/div>\n\t\t\t\t<div class=\"elementor-element elementor-element-6b3d4a6 elementor-widget elementor-widget-heading\" data-id=\"6b3d4a6\" data-element_type=\"widget\" data-e-type=\"widget\" data-widget_type=\"heading.default\">\n\t\t\t\t\t<h2 class=\"elementor-heading-title elementor-size-default\"><a href=\"https:\/\/samal.is\/en\/hvad-er-thetta-cbam-og-ets-og-allt-thad\/\">Hva\u00f0 er \u00feetta CBAM og ETS og allt \u00fea\u00f0?<\/a><\/h2>\t\t\t\t<\/div>\n\t\t\t\t<div class=\"elementor-element elementor-element-fa939d0 elementor-widget elementor-widget-text-editor\" data-id=\"fa939d0\" data-element_type=\"widget\" data-e-type=\"widget\" data-widget_type=\"text-editor.default\">\n\t\t\t\t\t\t\t\t\t<p>ETS vi\u00f0skiptakerfi\u00f0 me\u00f0 kolefniseiningar Kerfi\u00f0 byggir \u00e1 ESB regluger\u00f0 en tilgangurinn me\u00f0 kerfinu er a\u00f0 \u00fer\u00fdsta \u00e1 fyrirt\u00e6ki a\u00f0 draga \u00far kolefnislosun og sty\u00f0ja vi\u00f0&#8230;\t\t\t\t\t\t\t\t<\/div>\n\t\t\t\t\t<\/div>\n\t\t\t\t<\/div>\n\t\t\t\t<\/div>\n\t\t\t\t<div data-elementor-type=\"loop-item\" data-elementor-id=\"1242\" class=\"elementor elementor-1242 e-loop-item e-loop-item-1799 post-1799 post type-post status-publish format-standard hentry category-forsida category-frodleikur\" data-elementor-post-type=\"elementor_library\" data-custom-edit-handle=\"1\">\n\t\t\t<div class=\"elementor-element elementor-element-06faab2 e-flex e-con-boxed e-con e-parent\" data-id=\"06faab2\" data-element_type=\"container\" data-e-type=\"container\" data-settings=\"{&quot;background_background&quot;:&quot;classic&quot;}\">\n\t\t\t\t\t<div class=\"e-con-inner\">\n\t\t\t\t<div class=\"elementor-element elementor-element-396c2b4 elementor-widget-divider--view-line elementor-widget elementor-widget-divider\" data-id=\"396c2b4\" data-element_type=\"widget\" data-e-type=\"widget\" data-widget_type=\"divider.default\">\n\t\t\t\t\t\t\t<div class=\"elementor-divider\">\n\t\t\t<span class=\"elementor-divider-separator\">\n\t\t\t\t\t\t<\/span>\n\t\t<\/div>\n\t\t\t\t\t\t<\/div>\n\t\t\t\t<div class=\"elementor-element elementor-element-c962aa6 elementor-widget elementor-widget-text-editor\" data-id=\"c962aa6\" data-element_type=\"widget\" data-e-type=\"widget\" data-widget_type=\"text-editor.default\">\n\t\t\t\t\t\t\t\t\t29.12.24\t\t\t\t\t\t\t\t<\/div>\n\t\t\t\t<div class=\"elementor-element elementor-element-6b3d4a6 elementor-widget elementor-widget-heading\" data-id=\"6b3d4a6\" data-element_type=\"widget\" data-e-type=\"widget\" data-widget_type=\"heading.default\">\n\t\t\t\t\t<h2 class=\"elementor-heading-title elementor-size-default\"><a href=\"https:\/\/samal.is\/en\/endurvinnsla-als-er-med-thvi-haesta-sem-thekkist\/\">Endurvinnsla \u00e1ls er me\u00f0 \u00fev\u00ed h\u00e6sta sem \u00feekkist<\/a><\/h2>\t\t\t\t<\/div>\n\t\t\t\t<div class=\"elementor-element elementor-element-fa939d0 elementor-widget elementor-widget-text-editor\" data-id=\"fa939d0\" data-element_type=\"widget\" data-e-type=\"widget\" data-widget_type=\"text-editor.default\">\n\t\t\t\t\t\t\t\t\t<p>Um 75% af \u00f6llu \u00e1li sem framleitt hefur veri\u00f0 \u00ed heiminum er enn \u00ed notkun, eins og fr\u00e6\u00f0ast m\u00e1 um \u00e1 heimas\u00ed\u00f0u World Aluminium. \u00c1l&#8230;\t\t\t\t\t\t\t\t<\/div>\n\t\t\t\t\t<\/div>\n\t\t\t\t<\/div>\n\t\t\t\t<\/div>\n\t\t\t\t<div data-elementor-type=\"loop-item\" data-elementor-id=\"1242\" class=\"elementor elementor-1242 e-loop-item e-loop-item-1661 post-1661 post type-post status-publish format-standard hentry category-forsida category-frettir category-frodleikur\" data-elementor-post-type=\"elementor_library\" data-custom-edit-handle=\"1\">\n\t\t\t<div class=\"elementor-element elementor-element-06faab2 e-flex e-con-boxed e-con e-parent\" data-id=\"06faab2\" data-element_type=\"container\" data-e-type=\"container\" data-settings=\"{&quot;background_background&quot;:&quot;classic&quot;}\">\n\t\t\t\t\t<div class=\"e-con-inner\">\n\t\t\t\t<div class=\"elementor-element elementor-element-396c2b4 elementor-widget-divider--view-line elementor-widget elementor-widget-divider\" data-id=\"396c2b4\" data-element_type=\"widget\" data-e-type=\"widget\" data-widget_type=\"divider.default\">\n\t\t\t\t\t\t\t<div class=\"elementor-divider\">\n\t\t\t<span class=\"elementor-divider-separator\">\n\t\t\t\t\t\t<\/span>\n\t\t<\/div>\n\t\t\t\t\t\t<\/div>\n\t\t\t\t<div class=\"elementor-element elementor-element-c962aa6 elementor-widget elementor-widget-text-editor\" data-id=\"c962aa6\" data-element_type=\"widget\" data-e-type=\"widget\" data-widget_type=\"text-editor.default\">\n\t\t\t\t\t\t\t\t\t18.12.24\t\t\t\t\t\t\t\t<\/div>\n\t\t\t\t<div class=\"elementor-element elementor-element-6b3d4a6 elementor-widget elementor-widget-heading\" data-id=\"6b3d4a6\" data-element_type=\"widget\" data-e-type=\"widget\" data-widget_type=\"heading.default\">\n\t\t\t\t\t<h2 class=\"elementor-heading-title elementor-size-default\"><a href=\"https:\/\/samal.is\/en\/hverju-skila-alfyrirtaeki-inn-i-islenskt-thjodarbu\/\">Hverju skila \u00e1lfyrirt\u00e6ki inn \u00ed \u00edslenskt \u00fej\u00f3\u00f0arb\u00fa?<\/a><\/h2>\t\t\t\t<\/div>\n\t\t\t\t<div class=\"elementor-element elementor-element-fa939d0 elementor-widget elementor-widget-text-editor\" data-id=\"fa939d0\" data-element_type=\"widget\" data-e-type=\"widget\" data-widget_type=\"text-editor.default\">\n\t\t\t\t\t\t\t\t\t<p>\u00datflutningstekjur \u00e1lvera n\u00e1mu um 328,4 millj\u00f6r\u00f0um \u00e1 \u00e1rinu 2024 sem er um 17% af heildar \u00fatflutningi v\u00f6ru og \u00fej\u00f3nustu. \u00c1lverin keyptu raforku fyrir 65 milljar\u00f0a&#8230;\t\t\t\t\t\t\t\t<\/div>\n\t\t\t\t\t<\/div>\n\t\t\t\t<\/div>\n\t\t\t\t<\/div>\n\t\t\t\t<div data-elementor-type=\"loop-item\" data-elementor-id=\"1242\" class=\"elementor elementor-1242 e-loop-item e-loop-item-1640 post-1640 post type-post status-publish format-standard hentry category-frodleikur\" data-elementor-post-type=\"elementor_library\" data-custom-edit-handle=\"1\">\n\t\t\t<div class=\"elementor-element elementor-element-06faab2 e-flex e-con-boxed e-con e-parent\" data-id=\"06faab2\" data-element_type=\"container\" data-e-type=\"container\" data-settings=\"{&quot;background_background&quot;:&quot;classic&quot;}\">\n\t\t\t\t\t<div class=\"e-con-inner\">\n\t\t\t\t<div class=\"elementor-element elementor-element-396c2b4 elementor-widget-divider--view-line elementor-widget elementor-widget-divider\" data-id=\"396c2b4\" data-element_type=\"widget\" data-e-type=\"widget\" data-widget_type=\"divider.default\">\n\t\t\t\t\t\t\t<div class=\"elementor-divider\">\n\t\t\t<span class=\"elementor-divider-separator\">\n\t\t\t\t\t\t<\/span>\n\t\t<\/div>\n\t\t\t\t\t\t<\/div>\n\t\t\t\t<div class=\"elementor-element elementor-element-c962aa6 elementor-widget elementor-widget-text-editor\" data-id=\"c962aa6\" data-element_type=\"widget\" data-e-type=\"widget\" data-widget_type=\"text-editor.default\">\n\t\t\t\t\t\t\t\t\t16.12.24\t\t\t\t\t\t\t\t<\/div>\n\t\t\t\t<div class=\"elementor-element elementor-element-6b3d4a6 elementor-widget elementor-widget-heading\" data-id=\"6b3d4a6\" data-element_type=\"widget\" data-e-type=\"widget\" data-widget_type=\"heading.default\">\n\t\t\t\t\t<h2 class=\"elementor-heading-title elementor-size-default\"><a href=\"https:\/\/samal.is\/en\/er-vinna-i-alverum-fyrir-konur\/\">Vinna \u00ed \u00e1lverum er l\u00edka fyrir konur<\/a><\/h2>\t\t\t\t<\/div>\n\t\t\t\t<div class=\"elementor-element elementor-element-fa939d0 elementor-widget elementor-widget-text-editor\" data-id=\"fa939d0\" data-element_type=\"widget\" data-e-type=\"widget\" data-widget_type=\"text-editor.default\">\n\t\t\t\t\t\t\t\t\t<p>\u00d6ll st\u00f6rf sem unnin eru \u00ed \u00e1lverum henta b\u00e6\u00f0i konum og k\u00f6rlum. Hlutfall kvenna \u00ed \u00e1lverum \u00e1 \u00cdslandi er me\u00f0 \u00fev\u00ed h\u00e6sta sem \u00feekkist \u00ed&#8230;\t\t\t\t\t\t\t\t<\/div>\n\t\t\t\t\t<\/div>\n\t\t\t\t<\/div>\n\t\t\t\t<\/div>\n\t\t\t\t<div data-elementor-type=\"loop-item\" data-elementor-id=\"1242\" class=\"elementor elementor-1242 e-loop-item e-loop-item-1397 post-1397 post type-post status-publish format-standard hentry category-frodleikur\" data-elementor-post-type=\"elementor_library\" data-custom-edit-handle=\"1\">\n\t\t\t<div class=\"elementor-element elementor-element-06faab2 e-flex e-con-boxed e-con e-parent\" data-id=\"06faab2\" data-element_type=\"container\" data-e-type=\"container\" data-settings=\"{&quot;background_background&quot;:&quot;classic&quot;}\">\n\t\t\t\t\t<div class=\"e-con-inner\">\n\t\t\t\t<div class=\"elementor-element elementor-element-396c2b4 elementor-widget-divider--view-line elementor-widget elementor-widget-divider\" data-id=\"396c2b4\" data-element_type=\"widget\" data-e-type=\"widget\" data-widget_type=\"divider.default\">\n\t\t\t\t\t\t\t<div class=\"elementor-divider\">\n\t\t\t<span class=\"elementor-divider-separator\">\n\t\t\t\t\t\t<\/span>\n\t\t<\/div>\n\t\t\t\t\t\t<\/div>\n\t\t\t\t<div class=\"elementor-element elementor-element-c962aa6 elementor-widget elementor-widget-text-editor\" data-id=\"c962aa6\" data-element_type=\"widget\" data-e-type=\"widget\" data-widget_type=\"text-editor.default\">\n\t\t\t\t\t\t\t\t\t12.06.24\t\t\t\t\t\t\t\t<\/div>\n\t\t\t\t<div class=\"elementor-element elementor-element-6b3d4a6 elementor-widget elementor-widget-heading\" data-id=\"6b3d4a6\" data-element_type=\"widget\" data-e-type=\"widget\" data-widget_type=\"heading.default\">\n\t\t\t\t\t<h2 class=\"elementor-heading-title elementor-size-default\"><a href=\"https:\/\/samal.is\/en\/frodleiksmoli\/\">\u00c1lver eru \u00f6ruggir vinnusta\u00f0ir<\/a><\/h2>\t\t\t\t<\/div>\n\t\t\t\t<div class=\"elementor-element elementor-element-fa939d0 elementor-widget elementor-widget-text-editor\" data-id=\"fa939d0\" data-element_type=\"widget\" data-e-type=\"widget\" data-widget_type=\"text-editor.default\">\n\t\t\t\t\t\t\t\t\t<p>\u00d6ryggism\u00e1l eru forgangsatri\u00f0i hj\u00e1 \u00e1lverum og endurspeglast s\u00fa sta\u00f0reynd \u00ed \u00f6llu starfi \u00feeirra. Br\u00e1\u00f0i\u00f0 \u00e1l er yfirleitt me\u00f0h\u00f6ndla\u00f0 vi\u00f0 hita \u00ed kringum 1000 gr\u00e1\u00f0ur \u00e1&#8230;\t\t\t\t\t\t\t\t<\/div>\n\t\t\t\t\t<\/div>\n\t\t\t\t<\/div>\n\t\t\t\t<\/div>\n\t\t\t\t<\/div>\n\t\t\t\t\t<span class=\"e-load-more-spinner\">\n\t\t\t\t<svg aria-hidden=\"true\" class=\"e-font-icon-svg e-fas-spinner\" viewbox=\"0 0 512 512\" xmlns=\"http:\/\/www.w3.org\/2000\/svg\"><path d=\"M304 48c0 26.51-21.49 48-48 48s-48-21.49-48-48 21.49-48 48-48 48 21.49 48 48zm-48 368c-26.51 0-48 21.49-48 48s21.49 48 48 48 48-21.49 48-48-21.49-48-48-48zm208-208c-26.51 0-48 21.49-48 48s21.49 48 48 48 48-21.49 48-48-21.49-48-48-48zM96 256c0-26.51-21.49-48-48-48S0 229.49 0 256s21.49 48 48 48 48-21.49 48-48zm12.922 99.078c-26.51 0-48 21.49-48 48s21.49 48 48 48 48-21.49 48-48c0-26.509-21.491-48-48-48zm294.156 0c-26.51 0-48 21.49-48 48s21.49 48 48 48 48-21.49 48-48c0-26.509-21.49-48-48-48zM108.922 60.922c-26.51 0-48 21.49-48 48s21.49 48 48 48 48-21.49 48-48-21.491-48-48-48z\"><\/path><\/svg>\t\t\t<\/span>\n\t\t\n\t\t\t\t\t\t<\/div>\n\t\t\t\t<\/div>\n\t\t\t\t\t<\/div>\n\t\t\t\t<\/div>\n\t\t\t\t<\/div>","protected":false},"excerpt":{"rendered":"","protected":false},"author":1,"featured_media":0,"parent":0,"menu_order":0,"comment_status":"closed","ping_status":"closed","template":"","meta":{"site-sidebar-layout":"no-sidebar","site-content-layout":"plain-container","ast-site-content-layout":"full-width-container","site-content-style":"unboxed","site-sidebar-style":"unboxed","ast-global-header-display":"","ast-banner-title-visibility":"","ast-main-header-display":"","ast-hfb-above-header-display":"","ast-hfb-below-header-display":"","ast-hfb-mobile-header-display":"","site-post-title":"disabled","ast-breadcrumbs-content":"","ast-featured-img":"disabled","footer-sml-layout":"","ast-disable-related-posts":"","theme-transparent-header-meta":"enabled","adv-header-id-meta":"","stick-header-meta":"","header-above-stick-meta":"","header-main-stick-meta":"","header-below-stick-meta":"","astra-migrate-meta-layouts":"set","ast-page-background-enabled":"default","ast-page-background-meta":{"desktop":{"background-color":"","background-image":"","background-repeat":"repeat","background-position":"center center","background-size":"auto","background-attachment":"scroll","background-type":"","background-media":"","overlay-type":"","overlay-color":"","overlay-opacity":"","overlay-gradient":""},"tablet":{"background-color":"","background-image":"","background-repeat":"repeat","background-position":"center center","background-size":"auto","background-attachment":"scroll","background-type":"","background-media":"","overlay-type":"","overlay-color":"","overlay-opacity":"","overlay-gradient":""},"mobile":{"background-color":"","background-image":"","background-repeat":"repeat","background-position":"center center","background-size":"auto","background-attachment":"scroll","background-type":"","background-media":"","overlay-type":"","overlay-color":"","overlay-opacity":"","overlay-gradient":""}},"ast-content-background-meta":{"desktop":{"background-color":"var(--ast-global-color-5)","background-image":"","background-repeat":"repeat","background-position":"center center","background-size":"auto","background-attachment":"scroll","background-type":"","background-media":"","overlay-type":"","overlay-color":"","overlay-opacity":"","overlay-gradient":""},"tablet":{"background-color":"var(--ast-global-color-5)","background-image":"","background-repeat":"repeat","background-position":"center center","background-size":"auto","background-attachment":"scroll","background-type":"","background-media":"","overlay-type":"","overlay-color":"","overlay-opacity":"","overlay-gradient":""},"mobile":{"background-color":"var(--ast-global-color-5)","background-image":"","background-repeat":"repeat","background-position":"center center","background-size":"auto","background-attachment":"scroll","background-type":"","background-media":"","overlay-type":"","overlay-color":"","overlay-opacity":"","overlay-gradient":""}},"footnotes":""},"class_list":["post-256","page","type-page","status-publish","hentry"],"_links":{"self":[{"href":"https:\/\/samal.is\/en\/wp-json\/wp\/v2\/pages\/256","targetHints":{"allow":["GET"]}}],"collection":[{"href":"https:\/\/samal.is\/en\/wp-json\/wp\/v2\/pages"}],"about":[{"href":"https:\/\/samal.is\/en\/wp-json\/wp\/v2\/types\/page"}],"author":[{"embeddable":true,"href":"https:\/\/samal.is\/en\/wp-json\/wp\/v2\/users\/1"}],"replies":[{"embeddable":true,"href":"https:\/\/samal.is\/en\/wp-json\/wp\/v2\/comments?post=256"}],"version-history":[{"count":18,"href":"https:\/\/samal.is\/en\/wp-json\/wp\/v2\/pages\/256\/revisions"}],"predecessor-version":[{"id":1554,"href":"https:\/\/samal.is\/en\/wp-json\/wp\/v2\/pages\/256\/revisions\/1554"}],"wp:attachment":[{"href":"https:\/\/samal.is\/en\/wp-json\/wp\/v2\/media?parent=256"}],"curies":[{"name":"wp","href":"https:\/\/api.w.org\/{rel}","templated":true}]}}